{"id":22657,"date":"2025-12-04T15:09:49","date_gmt":"2025-12-04T14:09:49","guid":{"rendered":"https:\/\/mb-race.com\/?post_type=product&#038;p=22657"},"modified":"2026-03-20T11:15:55","modified_gmt":"2026-03-20T10:15:55","slug":"sweat-a-capuche-defined-light-scott-x-mb-race","status":"publish","type":"product","link":"https:\/\/mb-race.com\/en\/produit\/sweat-a-capuche-defined-light-scott-x-mb-race\/","title":{"rendered":"Sweat \u00e0 capuche Defined Light Scott x MB Race"},"content":{"rendered":"<p>Le sweat \u00e0 capuche SCOTT Defined Light est con\u00e7u en tissu stretch l\u00e9ger, pour un confort optimal lors de vos activit\u00e9s en ext\u00e9rieur. Vous allez adorer cette couche interm\u00e9diaire. Restez toujours confortablement au chaud, que ce soit pour le cyclisme, la course \u00e0 pied, le ski ou l\u2019escalade. Il est facile \u00e0 combiner avec d\u2019autres v\u00eatements. Un incontournable pour vos sorties.<\/p>\n","protected":false},"excerpt":{"rendered":"<p>Le sweat \u00e0 capuche SCOTT Defined Light Scott x MB Race est con\u00e7u en tissu stretch l\u00e9ger, pour un confort optimal lors de vos activit\u00e9s en ext\u00e9rieur.<\/p>\n","protected":false},"featured_media":22658,"template":"","meta":[],"product_brand":[],"product_cat":[26],"product_tag":[],"class_list":{"0":"post-22657","1":"product","2":"type-product","3":"status-publish","4":"has-post-thumbnail","6":"product_cat-non-classe","8":"first","9":"instock","10":"sale","11":"taxable","12":"shipping-taxable","13":"purchasable","14":"product-type-variable"},"yoast_head":"<!-- This site is optimized with the Yoast SEO plugin v27.4 - https:\/\/yoast.com\/product\/yoast-seo-wordpress\/ -->\n<title>Sweat \u00e0 capuche Defined Light Scott x MB Race - MB Race<\/title>\n<meta name=\"description\" content=\"Le sweat \u00e0 capuche SCOTT Defined Light Scott x MB Race est con\u00e7u en tissu stretch l\u00e9ger, pour un confort optimal lors de vos activit\u00e9s en ext\u00e9rieur.\" \/>\n<meta name=\"robots\" content=\"index, follow, max-snippet:-1, max-image-preview:large, max-video-preview:-1\" \/>\n<link rel=\"canonical\" href=\"https:\/\/mb-race.com\/produit\/sweat-a-capuche-defined-light-scott-x-mb-race\/\" \/>\n<meta property=\"og:locale\" content=\"en_US\" \/>\n<meta property=\"og:type\" content=\"article\" \/>\n<meta property=\"og:title\" content=\"Sweat \u00e0 capuche Defined Light Scott x MB Race - MB Race\" \/>\n<meta property=\"og:description\" content=\"Le sweat \u00e0 capuche SCOTT Defined Light Scott x MB Race est con\u00e7u en tissu stretch l\u00e9ger, pour un confort optimal lors de vos activit\u00e9s en ext\u00e9rieur.\" \/>\n<meta property=\"og:url\" content=\"https:\/\/mb-race.com\/produit\/sweat-a-capuche-defined-light-scott-x-mb-race\/\" \/>\n<meta property=\"og:site_name\" content=\"MB Race\" \/>\n<meta property=\"article:modified_time\" content=\"2026-03-20T10:15:55+00:00\" \/>\n<meta property=\"og:image\" content=\"https:\/\/mb-race.com\/wp-content\/uploads\/2025\/12\/Pull-Scott.png\" \/>\n\t<meta property=\"og:image:width\" content=\"507\" \/>\n\t<meta property=\"og:image:height\" content=\"643\" \/>\n\t<meta property=\"og:image:type\" content=\"image\/png\" \/>\n<meta name=\"twitter:card\" content=\"summary_large_image\" \/>\n<meta name=\"twitter:label1\" content=\"Est. reading time\" \/>\n\t<meta name=\"twitter:data1\" content=\"1 minute\" \/>\n<script type=\"application\/ld+json\" class=\"yoast-schema-graph\">{\"@context\":\"https:\\\/\\\/schema.org\",\"@graph\":[{\"@type\":\"WebPage\",\"@id\":\"https:\\\/\\\/mb-race.com\\\/produit\\\/sweat-a-capuche-defined-light-scott-x-mb-race\\\/\",\"url\":\"https:\\\/\\\/mb-race.com\\\/produit\\\/sweat-a-capuche-defined-light-scott-x-mb-race\\\/\",\"name\":\"Sweat \u00e0 capuche Defined Light Scott x MB Race - MB Race\",\"isPartOf\":{\"@id\":\"https:\\\/\\\/mb-race.com\\\/#website\"},\"primaryImageOfPage\":{\"@id\":\"https:\\\/\\\/mb-race.com\\\/produit\\\/sweat-a-capuche-defined-light-scott-x-mb-race\\\/#primaryimage\"},\"image\":{\"@id\":\"https:\\\/\\\/mb-race.com\\\/produit\\\/sweat-a-capuche-defined-light-scott-x-mb-race\\\/#primaryimage\"},\"thumbnailUrl\":\"https:\\\/\\\/mb-race.com\\\/wp-content\\\/uploads\\\/2025\\\/12\\\/Pull-Scott.png\",\"datePublished\":\"2025-12-04T14:09:49+00:00\",\"dateModified\":\"2026-03-20T10:15:55+00:00\",\"description\":\"Le sweat \u00e0 capuche SCOTT Defined Light Scott x MB Race est con\u00e7u en tissu stretch l\u00e9ger, pour un confort optimal lors de vos activit\u00e9s en ext\u00e9rieur.\",\"breadcrumb\":{\"@id\":\"https:\\\/\\\/mb-race.com\\\/produit\\\/sweat-a-capuche-defined-light-scott-x-mb-race\\\/#breadcrumb\"},\"inLanguage\":\"en-US\",\"potentialAction\":[{\"@type\":\"ReadAction\",\"target\":[\"https:\\\/\\\/mb-race.com\\\/produit\\\/sweat-a-capuche-defined-light-scott-x-mb-race\\\/\"]}]},{\"@type\":\"ImageObject\",\"inLanguage\":\"en-US\",\"@id\":\"https:\\\/\\\/mb-race.com\\\/produit\\\/sweat-a-capuche-defined-light-scott-x-mb-race\\\/#primaryimage\",\"url\":\"https:\\\/\\\/mb-race.com\\\/wp-content\\\/uploads\\\/2025\\\/12\\\/Pull-Scott.png\",\"contentUrl\":\"https:\\\/\\\/mb-race.com\\\/wp-content\\\/uploads\\\/2025\\\/12\\\/Pull-Scott.png\",\"width\":507,\"height\":643,\"caption\":\"Sweat \u00e0 capuche Defined Light Scott x MB Race\"},{\"@type\":\"BreadcrumbList\",\"@id\":\"https:\\\/\\\/mb-race.com\\\/produit\\\/sweat-a-capuche-defined-light-scott-x-mb-race\\\/#breadcrumb\",\"itemListElement\":[{\"@type\":\"ListItem\",\"position\":1,\"name\":\"Accueil\",\"item\":\"https:\\\/\\\/mb-race.com\\\/en\\\/home\\\/\"},{\"@type\":\"ListItem\",\"position\":2,\"name\":\"Shop\",\"item\":\"https:\\\/\\\/mb-race.com\\\/en\\\/shop\\\/\"},{\"@type\":\"ListItem\",\"position\":3,\"name\":\"Sweat \u00e0 capuche Defined Light Scott x MB Race\"}]},{\"@type\":\"WebSite\",\"@id\":\"https:\\\/\\\/mb-race.com\\\/#website\",\"url\":\"https:\\\/\\\/mb-race.com\\\/\",\"name\":\"MB Race\",\"description\":\"La course de VTT\",\"publisher\":{\"@id\":\"https:\\\/\\\/mb-race.com\\\/#organization\"},\"potentialAction\":[{\"@type\":\"SearchAction\",\"target\":{\"@type\":\"EntryPoint\",\"urlTemplate\":\"https:\\\/\\\/mb-race.com\\\/?s={search_term_string}\"},\"query-input\":{\"@type\":\"PropertyValueSpecification\",\"valueRequired\":true,\"valueName\":\"search_term_string\"}}],\"inLanguage\":\"en-US\"},{\"@type\":\"Organization\",\"@id\":\"https:\\\/\\\/mb-race.com\\\/#organization\",\"name\":\"MB Race\",\"alternateName\":\"La course VTT la plus difficile au monde\",\"url\":\"https:\\\/\\\/mb-race.com\\\/\",\"logo\":{\"@type\":\"ImageObject\",\"inLanguage\":\"en-US\",\"@id\":\"https:\\\/\\\/mb-race.com\\\/#\\\/schema\\\/logo\\\/image\\\/\",\"url\":\"https:\\\/\\\/mb-race.com\\\/wp-content\\\/uploads\\\/2023\\\/10\\\/logo.png.webp\",\"contentUrl\":\"https:\\\/\\\/mb-race.com\\\/wp-content\\\/uploads\\\/2023\\\/10\\\/logo.png.webp\",\"width\":1079,\"height\":611,\"caption\":\"MB Race\"},\"image\":{\"@id\":\"https:\\\/\\\/mb-race.com\\\/#\\\/schema\\\/logo\\\/image\\\/\"}}]}<\/script>\n<!-- \/ Yoast SEO plugin. -->","yoast_head_json":{"title":"Sweat \u00e0 capuche Defined Light Scott x MB Race - MB Race","description":"Le sweat \u00e0 capuche SCOTT Defined Light Scott x MB Race est con\u00e7u en tissu stretch l\u00e9ger, pour un confort optimal lors de vos activit\u00e9s en ext\u00e9rieur.","robots":{"index":"index","follow":"follow","max-snippet":"max-snippet:-1","max-image-preview":"max-image-preview:large","max-video-preview":"max-video-preview:-1"},"canonical":"https:\/\/mb-race.com\/produit\/sweat-a-capuche-defined-light-scott-x-mb-race\/","og_locale":"en_US","og_type":"article","og_title":"Sweat \u00e0 capuche Defined Light Scott x MB Race - MB Race","og_description":"Le sweat \u00e0 capuche SCOTT Defined Light Scott x MB Race est con\u00e7u en tissu stretch l\u00e9ger, pour un confort optimal lors de vos activit\u00e9s en ext\u00e9rieur.","og_url":"https:\/\/mb-race.com\/produit\/sweat-a-capuche-defined-light-scott-x-mb-race\/","og_site_name":"MB Race","article_modified_time":"2026-03-20T10:15:55+00:00","og_image":[{"width":507,"height":643,"url":"https:\/\/mb-race.com\/wp-content\/uploads\/2025\/12\/Pull-Scott.png","type":"image\/png"}],"twitter_card":"summary_large_image","twitter_misc":{"Est. reading time":"1 minute"},"schema":{"@context":"https:\/\/schema.org","@graph":[{"@type":"WebPage","@id":"https:\/\/mb-race.com\/produit\/sweat-a-capuche-defined-light-scott-x-mb-race\/","url":"https:\/\/mb-race.com\/produit\/sweat-a-capuche-defined-light-scott-x-mb-race\/","name":"Sweat \u00e0 capuche Defined Light Scott x MB Race - MB Race","isPartOf":{"@id":"https:\/\/mb-race.com\/#website"},"primaryImageOfPage":{"@id":"https:\/\/mb-race.com\/produit\/sweat-a-capuche-defined-light-scott-x-mb-race\/#primaryimage"},"image":{"@id":"https:\/\/mb-race.com\/produit\/sweat-a-capuche-defined-light-scott-x-mb-race\/#primaryimage"},"thumbnailUrl":"https:\/\/mb-race.com\/wp-content\/uploads\/2025\/12\/Pull-Scott.png","datePublished":"2025-12-04T14:09:49+00:00","dateModified":"2026-03-20T10:15:55+00:00","description":"Le sweat \u00e0 capuche SCOTT Defined Light Scott x MB Race est con\u00e7u en tissu stretch l\u00e9ger, pour un confort optimal lors de vos activit\u00e9s en ext\u00e9rieur.","breadcrumb":{"@id":"https:\/\/mb-race.com\/produit\/sweat-a-capuche-defined-light-scott-x-mb-race\/#breadcrumb"},"inLanguage":"en-US","potentialAction":[{"@type":"ReadAction","target":["https:\/\/mb-race.com\/produit\/sweat-a-capuche-defined-light-scott-x-mb-race\/"]}]},{"@type":"ImageObject","inLanguage":"en-US","@id":"https:\/\/mb-race.com\/produit\/sweat-a-capuche-defined-light-scott-x-mb-race\/#primaryimage","url":"https:\/\/mb-race.com\/wp-content\/uploads\/2025\/12\/Pull-Scott.png","contentUrl":"https:\/\/mb-race.com\/wp-content\/uploads\/2025\/12\/Pull-Scott.png","width":507,"height":643,"caption":"Sweat \u00e0 capuche Defined Light Scott x MB Race"},{"@type":"BreadcrumbList","@id":"https:\/\/mb-race.com\/produit\/sweat-a-capuche-defined-light-scott-x-mb-race\/#breadcrumb","itemListElement":[{"@type":"ListItem","position":1,"name":"Accueil","item":"https:\/\/mb-race.com\/en\/home\/"},{"@type":"ListItem","position":2,"name":"Shop","item":"https:\/\/mb-race.com\/en\/shop\/"},{"@type":"ListItem","position":3,"name":"Sweat \u00e0 capuche Defined Light Scott x MB Race"}]},{"@type":"WebSite","@id":"https:\/\/mb-race.com\/#website","url":"https:\/\/mb-race.com\/","name":"MB Race","description":"La course de VTT","publisher":{"@id":"https:\/\/mb-race.com\/#organization"},"potentialAction":[{"@type":"SearchAction","target":{"@type":"EntryPoint","urlTemplate":"https:\/\/mb-race.com\/?s={search_term_string}"},"query-input":{"@type":"PropertyValueSpecification","valueRequired":true,"valueName":"search_term_string"}}],"inLanguage":"en-US"},{"@type":"Organization","@id":"https:\/\/mb-race.com\/#organization","name":"MB Race","alternateName":"La course VTT la plus difficile au monde","url":"https:\/\/mb-race.com\/","logo":{"@type":"ImageObject","inLanguage":"en-US","@id":"https:\/\/mb-race.com\/#\/schema\/logo\/image\/","url":"https:\/\/mb-race.com\/wp-content\/uploads\/2023\/10\/logo.png.webp","contentUrl":"https:\/\/mb-race.com\/wp-content\/uploads\/2023\/10\/logo.png.webp","width":1079,"height":611,"caption":"MB Race"},"image":{"@id":"https:\/\/mb-race.com\/#\/schema\/logo\/image\/"}}]}},"_links":{"self":[{"href":"https:\/\/mb-race.com\/en\/wp-json\/wp\/v2\/product\/22657","targetHints":{"allow":["GET"]}}],"collection":[{"href":"https:\/\/mb-race.com\/en\/wp-json\/wp\/v2\/product"}],"about":[{"href":"https:\/\/mb-race.com\/en\/wp-json\/wp\/v2\/types\/product"}],"wp:featuredmedia":[{"embeddable":true,"href":"https:\/\/mb-race.com\/en\/wp-json\/wp\/v2\/media\/22658"}],"wp:attachment":[{"href":"https:\/\/mb-race.com\/en\/wp-json\/wp\/v2\/media?parent=22657"}],"wp:term":[{"taxonomy":"product_brand","embeddable":true,"href":"https:\/\/mb-race.com\/en\/wp-json\/wp\/v2\/product_brand?post=22657"},{"taxonomy":"product_cat","embeddable":true,"href":"https:\/\/mb-race.com\/en\/wp-json\/wp\/v2\/product_cat?post=22657"},{"taxonomy":"product_tag","embeddable":true,"href":"https:\/\/mb-race.com\/en\/wp-json\/wp\/v2\/product_tag?post=22657"}],"curies":[{"name":"wp","href":"https:\/\/api.w.org\/{rel}","templated":true}]}}