{"id":22652,"date":"2025-12-04T15:03:28","date_gmt":"2025-12-04T14:03:28","guid":{"rendered":"https:\/\/mb-race.com\/?post_type=product&#038;p=22652"},"modified":"2026-03-20T11:16:43","modified_gmt":"2026-03-20T10:16:43","slug":"veste-explorair-light-scott-x-mb-race","status":"publish","type":"product","link":"https:\/\/mb-race.com\/en\/produit\/veste-explorair-light-scott-x-mb-race\/","title":{"rendered":"Veste Explorair Light Scott x MB Race"},"content":{"rendered":"<p>La veste coupe-vent SCOTT Explorair Light est con\u00e7ue pour les activit\u00e9s en plein air. Sa capuche et son ourlet r\u00e9glables offrent une bonne protection par conditions changeantes en montagne.<\/p>\n<ul class=\"specs-list specs-list--main\">\n<li>L\u00e9ger<\/li>\n<li>Capuche r\u00e9glable attach\u00e9e<\/li>\n<li>Poches lat\u00e9rales zipp\u00e9es<\/li>\n<li>Ouverture bas ajustable<\/li>\n<li>Poignets \u00e9lastiques<\/li>\n<li>D\u00e9tails r\u00e9fl\u00e9chissants<\/li>\n<\/ul>\n","protected":false},"excerpt":{"rendered":"<p>La veste coupe-vent SCOTT Explorair Light est con\u00e7ue pour les activit\u00e9s en plein air.<\/p>\n","protected":false},"featured_media":22650,"template":"","meta":[],"product_brand":[],"product_cat":[26],"product_tag":[],"class_list":{"0":"post-22652","1":"product","2":"type-product","3":"status-publish","4":"has-post-thumbnail","6":"product_cat-non-classe","8":"first","9":"instock","10":"sale","11":"taxable","12":"shipping-taxable","13":"purchasable","14":"product-type-variable"},"yoast_head":"<!-- This site is optimized with the Yoast SEO plugin v27.4 - https:\/\/yoast.com\/product\/yoast-seo-wordpress\/ -->\n<title>Veste Explorair Light Scott x MB Race - MB Race<\/title>\n<meta name=\"description\" content=\"La veste coupe-vent Explorair Light Scott x MB Race est con\u00e7ue pour les activit\u00e9s en plein air. Plus d&#039;excuse pour aller s&#039;entrainer par temps frais !\" \/>\n<meta name=\"robots\" content=\"index, follow, max-snippet:-1, max-image-preview:large, max-video-preview:-1\" \/>\n<link rel=\"canonical\" href=\"https:\/\/mb-race.com\/produit\/veste-explorair-light-scott-x-mb-race\/\" \/>\n<meta property=\"og:locale\" content=\"en_US\" \/>\n<meta property=\"og:type\" content=\"article\" \/>\n<meta property=\"og:title\" content=\"Veste Explorair Light Scott x MB Race - MB Race\" \/>\n<meta property=\"og:description\" content=\"La veste coupe-vent Explorair Light Scott x MB Race est con\u00e7ue pour les activit\u00e9s en plein air. Plus d&#039;excuse pour aller s&#039;entrainer par temps frais !\" \/>\n<meta property=\"og:url\" content=\"https:\/\/mb-race.com\/produit\/veste-explorair-light-scott-x-mb-race\/\" \/>\n<meta property=\"og:site_name\" content=\"MB Race\" \/>\n<meta property=\"article:modified_time\" content=\"2026-03-20T10:16:43+00:00\" \/>\n<meta property=\"og:image\" content=\"https:\/\/mb-race.com\/wp-content\/uploads\/2025\/12\/Veste-Scott.png\" \/>\n\t<meta property=\"og:image:width\" content=\"470\" \/>\n\t<meta property=\"og:image:height\" content=\"661\" \/>\n\t<meta property=\"og:image:type\" content=\"image\/png\" \/>\n<meta name=\"twitter:card\" content=\"summary_large_image\" \/>\n<meta name=\"twitter:label1\" content=\"Est. reading time\" \/>\n\t<meta name=\"twitter:data1\" content=\"1 minute\" \/>\n<script type=\"application\/ld+json\" class=\"yoast-schema-graph\">{\"@context\":\"https:\\\/\\\/schema.org\",\"@graph\":[{\"@type\":\"WebPage\",\"@id\":\"https:\\\/\\\/mb-race.com\\\/produit\\\/veste-explorair-light-scott-x-mb-race\\\/\",\"url\":\"https:\\\/\\\/mb-race.com\\\/produit\\\/veste-explorair-light-scott-x-mb-race\\\/\",\"name\":\"Veste Explorair Light Scott x MB Race - MB Race\",\"isPartOf\":{\"@id\":\"https:\\\/\\\/mb-race.com\\\/#website\"},\"primaryImageOfPage\":{\"@id\":\"https:\\\/\\\/mb-race.com\\\/produit\\\/veste-explorair-light-scott-x-mb-race\\\/#primaryimage\"},\"image\":{\"@id\":\"https:\\\/\\\/mb-race.com\\\/produit\\\/veste-explorair-light-scott-x-mb-race\\\/#primaryimage\"},\"thumbnailUrl\":\"https:\\\/\\\/mb-race.com\\\/wp-content\\\/uploads\\\/2025\\\/12\\\/Veste-Scott.png\",\"datePublished\":\"2025-12-04T14:03:28+00:00\",\"dateModified\":\"2026-03-20T10:16:43+00:00\",\"description\":\"La veste coupe-vent Explorair Light Scott x MB Race est con\u00e7ue pour les activit\u00e9s en plein air. Plus d'excuse pour aller s'entrainer par temps frais !\",\"breadcrumb\":{\"@id\":\"https:\\\/\\\/mb-race.com\\\/produit\\\/veste-explorair-light-scott-x-mb-race\\\/#breadcrumb\"},\"inLanguage\":\"en-US\",\"potentialAction\":[{\"@type\":\"ReadAction\",\"target\":[\"https:\\\/\\\/mb-race.com\\\/produit\\\/veste-explorair-light-scott-x-mb-race\\\/\"]}]},{\"@type\":\"ImageObject\",\"inLanguage\":\"en-US\",\"@id\":\"https:\\\/\\\/mb-race.com\\\/produit\\\/veste-explorair-light-scott-x-mb-race\\\/#primaryimage\",\"url\":\"https:\\\/\\\/mb-race.com\\\/wp-content\\\/uploads\\\/2025\\\/12\\\/Veste-Scott.png\",\"contentUrl\":\"https:\\\/\\\/mb-race.com\\\/wp-content\\\/uploads\\\/2025\\\/12\\\/Veste-Scott.png\",\"width\":470,\"height\":661,\"caption\":\"Veste Explorair Light Scott x MB Race\"},{\"@type\":\"BreadcrumbList\",\"@id\":\"https:\\\/\\\/mb-race.com\\\/produit\\\/veste-explorair-light-scott-x-mb-race\\\/#breadcrumb\",\"itemListElement\":[{\"@type\":\"ListItem\",\"position\":1,\"name\":\"Accueil\",\"item\":\"https:\\\/\\\/mb-race.com\\\/en\\\/home\\\/\"},{\"@type\":\"ListItem\",\"position\":2,\"name\":\"Shop\",\"item\":\"https:\\\/\\\/mb-race.com\\\/en\\\/shop\\\/\"},{\"@type\":\"ListItem\",\"position\":3,\"name\":\"Veste Explorair Light Scott x MB Race\"}]},{\"@type\":\"WebSite\",\"@id\":\"https:\\\/\\\/mb-race.com\\\/#website\",\"url\":\"https:\\\/\\\/mb-race.com\\\/\",\"name\":\"MB Race\",\"description\":\"La course de VTT\",\"publisher\":{\"@id\":\"https:\\\/\\\/mb-race.com\\\/#organization\"},\"potentialAction\":[{\"@type\":\"SearchAction\",\"target\":{\"@type\":\"EntryPoint\",\"urlTemplate\":\"https:\\\/\\\/mb-race.com\\\/?s={search_term_string}\"},\"query-input\":{\"@type\":\"PropertyValueSpecification\",\"valueRequired\":true,\"valueName\":\"search_term_string\"}}],\"inLanguage\":\"en-US\"},{\"@type\":\"Organization\",\"@id\":\"https:\\\/\\\/mb-race.com\\\/#organization\",\"name\":\"MB Race\",\"alternateName\":\"La course VTT la plus difficile au monde\",\"url\":\"https:\\\/\\\/mb-race.com\\\/\",\"logo\":{\"@type\":\"ImageObject\",\"inLanguage\":\"en-US\",\"@id\":\"https:\\\/\\\/mb-race.com\\\/#\\\/schema\\\/logo\\\/image\\\/\",\"url\":\"https:\\\/\\\/mb-race.com\\\/wp-content\\\/uploads\\\/2023\\\/10\\\/logo.png.webp\",\"contentUrl\":\"https:\\\/\\\/mb-race.com\\\/wp-content\\\/uploads\\\/2023\\\/10\\\/logo.png.webp\",\"width\":1079,\"height\":611,\"caption\":\"MB Race\"},\"image\":{\"@id\":\"https:\\\/\\\/mb-race.com\\\/#\\\/schema\\\/logo\\\/image\\\/\"}}]}<\/script>\n<!-- \/ Yoast SEO plugin. -->","yoast_head_json":{"title":"Veste Explorair Light Scott x MB Race - MB Race","description":"La veste coupe-vent Explorair Light Scott x MB Race est con\u00e7ue pour les activit\u00e9s en plein air. Plus d'excuse pour aller s'entrainer par temps frais !","robots":{"index":"index","follow":"follow","max-snippet":"max-snippet:-1","max-image-preview":"max-image-preview:large","max-video-preview":"max-video-preview:-1"},"canonical":"https:\/\/mb-race.com\/produit\/veste-explorair-light-scott-x-mb-race\/","og_locale":"en_US","og_type":"article","og_title":"Veste Explorair Light Scott x MB Race - MB Race","og_description":"La veste coupe-vent Explorair Light Scott x MB Race est con\u00e7ue pour les activit\u00e9s en plein air. Plus d'excuse pour aller s'entrainer par temps frais !","og_url":"https:\/\/mb-race.com\/produit\/veste-explorair-light-scott-x-mb-race\/","og_site_name":"MB Race","article_modified_time":"2026-03-20T10:16:43+00:00","og_image":[{"width":470,"height":661,"url":"https:\/\/mb-race.com\/wp-content\/uploads\/2025\/12\/Veste-Scott.png","type":"image\/png"}],"twitter_card":"summary_large_image","twitter_misc":{"Est. reading time":"1 minute"},"schema":{"@context":"https:\/\/schema.org","@graph":[{"@type":"WebPage","@id":"https:\/\/mb-race.com\/produit\/veste-explorair-light-scott-x-mb-race\/","url":"https:\/\/mb-race.com\/produit\/veste-explorair-light-scott-x-mb-race\/","name":"Veste Explorair Light Scott x MB Race - MB Race","isPartOf":{"@id":"https:\/\/mb-race.com\/#website"},"primaryImageOfPage":{"@id":"https:\/\/mb-race.com\/produit\/veste-explorair-light-scott-x-mb-race\/#primaryimage"},"image":{"@id":"https:\/\/mb-race.com\/produit\/veste-explorair-light-scott-x-mb-race\/#primaryimage"},"thumbnailUrl":"https:\/\/mb-race.com\/wp-content\/uploads\/2025\/12\/Veste-Scott.png","datePublished":"2025-12-04T14:03:28+00:00","dateModified":"2026-03-20T10:16:43+00:00","description":"La veste coupe-vent Explorair Light Scott x MB Race est con\u00e7ue pour les activit\u00e9s en plein air. Plus d'excuse pour aller s'entrainer par temps frais !","breadcrumb":{"@id":"https:\/\/mb-race.com\/produit\/veste-explorair-light-scott-x-mb-race\/#breadcrumb"},"inLanguage":"en-US","potentialAction":[{"@type":"ReadAction","target":["https:\/\/mb-race.com\/produit\/veste-explorair-light-scott-x-mb-race\/"]}]},{"@type":"ImageObject","inLanguage":"en-US","@id":"https:\/\/mb-race.com\/produit\/veste-explorair-light-scott-x-mb-race\/#primaryimage","url":"https:\/\/mb-race.com\/wp-content\/uploads\/2025\/12\/Veste-Scott.png","contentUrl":"https:\/\/mb-race.com\/wp-content\/uploads\/2025\/12\/Veste-Scott.png","width":470,"height":661,"caption":"Veste Explorair Light Scott x MB Race"},{"@type":"BreadcrumbList","@id":"https:\/\/mb-race.com\/produit\/veste-explorair-light-scott-x-mb-race\/#breadcrumb","itemListElement":[{"@type":"ListItem","position":1,"name":"Accueil","item":"https:\/\/mb-race.com\/en\/home\/"},{"@type":"ListItem","position":2,"name":"Shop","item":"https:\/\/mb-race.com\/en\/shop\/"},{"@type":"ListItem","position":3,"name":"Veste Explorair Light Scott x MB Race"}]},{"@type":"WebSite","@id":"https:\/\/mb-race.com\/#website","url":"https:\/\/mb-race.com\/","name":"MB Race","description":"La course de VTT","publisher":{"@id":"https:\/\/mb-race.com\/#organization"},"potentialAction":[{"@type":"SearchAction","target":{"@type":"EntryPoint","urlTemplate":"https:\/\/mb-race.com\/?s={search_term_string}"},"query-input":{"@type":"PropertyValueSpecification","valueRequired":true,"valueName":"search_term_string"}}],"inLanguage":"en-US"},{"@type":"Organization","@id":"https:\/\/mb-race.com\/#organization","name":"MB Race","alternateName":"La course VTT la plus difficile au monde","url":"https:\/\/mb-race.com\/","logo":{"@type":"ImageObject","inLanguage":"en-US","@id":"https:\/\/mb-race.com\/#\/schema\/logo\/image\/","url":"https:\/\/mb-race.com\/wp-content\/uploads\/2023\/10\/logo.png.webp","contentUrl":"https:\/\/mb-race.com\/wp-content\/uploads\/2023\/10\/logo.png.webp","width":1079,"height":611,"caption":"MB Race"},"image":{"@id":"https:\/\/mb-race.com\/#\/schema\/logo\/image\/"}}]}},"_links":{"self":[{"href":"https:\/\/mb-race.com\/en\/wp-json\/wp\/v2\/product\/22652","targetHints":{"allow":["GET"]}}],"collection":[{"href":"https:\/\/mb-race.com\/en\/wp-json\/wp\/v2\/product"}],"about":[{"href":"https:\/\/mb-race.com\/en\/wp-json\/wp\/v2\/types\/product"}],"wp:featuredmedia":[{"embeddable":true,"href":"https:\/\/mb-race.com\/en\/wp-json\/wp\/v2\/media\/22650"}],"wp:attachment":[{"href":"https:\/\/mb-race.com\/en\/wp-json\/wp\/v2\/media?parent=22652"}],"wp:term":[{"taxonomy":"product_brand","embeddable":true,"href":"https:\/\/mb-race.com\/en\/wp-json\/wp\/v2\/product_brand?post=22652"},{"taxonomy":"product_cat","embeddable":true,"href":"https:\/\/mb-race.com\/en\/wp-json\/wp\/v2\/product_cat?post=22652"},{"taxonomy":"product_tag","embeddable":true,"href":"https:\/\/mb-race.com\/en\/wp-json\/wp\/v2\/product_tag?post=22652"}],"curies":[{"name":"wp","href":"https:\/\/api.w.org\/{rel}","templated":true}]}}