{"id":18545,"date":"2024-07-17T14:35:45","date_gmt":"2024-07-17T12:35:45","guid":{"rendered":"https:\/\/mb-race.com\/?post_type=product&#038;p=18545"},"modified":"2025-12-20T13:12:02","modified_gmt":"2025-12-20T12:12:02","slug":"maillot-vtt-tactic-2024","status":"publish","type":"product","link":"https:\/\/mb-race.com\/en\/produit\/maillot-vtt-tactic-2024\/","title":{"rendered":"Maillot VTT Tactic 2024"},"content":{"rendered":"<p>Maillot de v\u00e9lo aux couleurs de la MB Race 2024 \u00e0 manches courtes avec zip int\u00e9gral et 3 poches \u00e9lastiques en bas du dos. D\u00e9coupe des manches sans coutures avec sillicone en bout pour garantir l&#8217;adh\u00e9rence. Bande \u00e9lastique et antid\u00e9rapante au niveau de la taille.<\/p>\n","protected":false},"excerpt":{"rendered":"<p>Maillot de v\u00e9lo aux couleurs de la MB Race 2024 \u00e0 manches courtes avec zip int\u00e9gral et 3 poches \u00e9lastiques en bas du dos. D\u00e9coupe des manches sans coutures avec sillicone en bout pour garantir l&#8217;adh\u00e9rence. Bande \u00e9lastique et antid\u00e9rapante au niveau de la taille.<\/p>\n","protected":false},"featured_media":18548,"template":"","meta":[],"product_brand":[],"product_cat":[26,27],"product_tag":[],"class_list":{"0":"post-18545","1":"product","2":"type-product","3":"status-publish","4":"has-post-thumbnail","6":"product_cat-non-classe","7":"product_cat-vetements","9":"first","10":"instock","11":"sale","12":"taxable","13":"shipping-taxable","14":"purchasable","15":"product-type-variable"},"yoast_head":"<!-- This site is optimized with the Yoast SEO plugin v27.2 - https:\/\/yoast.com\/product\/yoast-seo-wordpress\/ -->\n<title>Maillot VTT Tactic 2024 - MB Race<\/title>\n<meta name=\"robots\" content=\"index, follow, max-snippet:-1, max-image-preview:large, max-video-preview:-1\" \/>\n<link rel=\"canonical\" href=\"https:\/\/mb-race.com\/produit\/maillot-vtt-tactic-2024\/\" \/>\n<meta property=\"og:locale\" content=\"en_US\" \/>\n<meta property=\"og:type\" content=\"article\" \/>\n<meta property=\"og:title\" content=\"Maillot VTT Tactic 2024 - MB Race\" \/>\n<meta property=\"og:description\" content=\"Maillot de v\u00e9lo aux couleurs de la MB Race 2024 \u00e0 manches courtes avec zip int\u00e9gral et 3 poches \u00e9lastiques en bas du dos. D\u00e9coupe des manches sans coutures avec sillicone en bout pour garantir l&#8217;adh\u00e9rence. Bande \u00e9lastique et antid\u00e9rapante au niveau de la taille.\" \/>\n<meta property=\"og:url\" content=\"https:\/\/mb-race.com\/produit\/maillot-vtt-tactic-2024\/\" \/>\n<meta property=\"og:site_name\" content=\"MB Race\" \/>\n<meta property=\"article:modified_time\" content=\"2025-12-20T12:12:02+00:00\" \/>\n<meta property=\"og:image\" content=\"https:\/\/mb-race.com\/wp-content\/uploads\/2024\/07\/2.png\" \/>\n\t<meta property=\"og:image:width\" content=\"940\" \/>\n\t<meta property=\"og:image:height\" content=\"788\" \/>\n\t<meta property=\"og:image:type\" content=\"image\/png\" \/>\n<meta name=\"twitter:card\" content=\"summary_large_image\" \/>\n<meta name=\"twitter:label1\" content=\"Est. reading time\" \/>\n\t<meta name=\"twitter:data1\" content=\"1 minute\" \/>\n<script type=\"application\/ld+json\" class=\"yoast-schema-graph\">{\"@context\":\"https:\/\/schema.org\",\"@graph\":[{\"@type\":\"WebPage\",\"@id\":\"https:\/\/mb-race.com\/produit\/maillot-vtt-tactic-2024\/\",\"url\":\"https:\/\/mb-race.com\/produit\/maillot-vtt-tactic-2024\/\",\"name\":\"Maillot VTT Tactic 2024 - MB Race\",\"isPartOf\":{\"@id\":\"https:\/\/mb-race.com\/#website\"},\"primaryImageOfPage\":{\"@id\":\"https:\/\/mb-race.com\/produit\/maillot-vtt-tactic-2024\/#primaryimage\"},\"image\":{\"@id\":\"https:\/\/mb-race.com\/produit\/maillot-vtt-tactic-2024\/#primaryimage\"},\"thumbnailUrl\":\"https:\/\/mb-race.com\/wp-content\/uploads\/2024\/07\/2.png\",\"datePublished\":\"2024-07-17T12:35:45+00:00\",\"dateModified\":\"2025-12-20T12:12:02+00:00\",\"breadcrumb\":{\"@id\":\"https:\/\/mb-race.com\/produit\/maillot-vtt-tactic-2024\/#breadcrumb\"},\"inLanguage\":\"en-US\",\"potentialAction\":[{\"@type\":\"ReadAction\",\"target\":[\"https:\/\/mb-race.com\/produit\/maillot-vtt-tactic-2024\/\"]}]},{\"@type\":\"ImageObject\",\"inLanguage\":\"en-US\",\"@id\":\"https:\/\/mb-race.com\/produit\/maillot-vtt-tactic-2024\/#primaryimage\",\"url\":\"https:\/\/mb-race.com\/wp-content\/uploads\/2024\/07\/2.png\",\"contentUrl\":\"https:\/\/mb-race.com\/wp-content\/uploads\/2024\/07\/2.png\",\"width\":940,\"height\":788},{\"@type\":\"BreadcrumbList\",\"@id\":\"https:\/\/mb-race.com\/produit\/maillot-vtt-tactic-2024\/#breadcrumb\",\"itemListElement\":[{\"@type\":\"ListItem\",\"position\":1,\"name\":\"Accueil\",\"item\":\"https:\/\/mb-race.com\/en\/home\/\"},{\"@type\":\"ListItem\",\"position\":2,\"name\":\"Shop\",\"item\":\"https:\/\/mb-race.com\/en\/shop\/\"},{\"@type\":\"ListItem\",\"position\":3,\"name\":\"Maillot VTT Tactic 2024\"}]},{\"@type\":\"WebSite\",\"@id\":\"https:\/\/mb-race.com\/#website\",\"url\":\"https:\/\/mb-race.com\/\",\"name\":\"MB Race\",\"description\":\"La course de VTT\",\"publisher\":{\"@id\":\"https:\/\/mb-race.com\/#organization\"},\"potentialAction\":[{\"@type\":\"SearchAction\",\"target\":{\"@type\":\"EntryPoint\",\"urlTemplate\":\"https:\/\/mb-race.com\/?s={search_term_string}\"},\"query-input\":{\"@type\":\"PropertyValueSpecification\",\"valueRequired\":true,\"valueName\":\"search_term_string\"}}],\"inLanguage\":\"en-US\"},{\"@type\":\"Organization\",\"@id\":\"https:\/\/mb-race.com\/#organization\",\"name\":\"MB Race\",\"alternateName\":\"La course VTT la plus difficile au monde\",\"url\":\"https:\/\/mb-race.com\/\",\"logo\":{\"@type\":\"ImageObject\",\"inLanguage\":\"en-US\",\"@id\":\"https:\/\/mb-race.com\/#\/schema\/logo\/image\/\",\"url\":\"https:\/\/mb-race.com\/wp-content\/uploads\/2023\/10\/logo.png.webp\",\"contentUrl\":\"https:\/\/mb-race.com\/wp-content\/uploads\/2023\/10\/logo.png.webp\",\"width\":1079,\"height\":611,\"caption\":\"MB Race\"},\"image\":{\"@id\":\"https:\/\/mb-race.com\/#\/schema\/logo\/image\/\"}}]}<\/script>\n<!-- \/ Yoast SEO plugin. -->","yoast_head_json":{"title":"Maillot VTT Tactic 2024 - MB Race","robots":{"index":"index","follow":"follow","max-snippet":"max-snippet:-1","max-image-preview":"max-image-preview:large","max-video-preview":"max-video-preview:-1"},"canonical":"https:\/\/mb-race.com\/produit\/maillot-vtt-tactic-2024\/","og_locale":"en_US","og_type":"article","og_title":"Maillot VTT Tactic 2024 - MB Race","og_description":"Maillot de v\u00e9lo aux couleurs de la MB Race 2024 \u00e0 manches courtes avec zip int\u00e9gral et 3 poches \u00e9lastiques en bas du dos. D\u00e9coupe des manches sans coutures avec sillicone en bout pour garantir l&#8217;adh\u00e9rence. Bande \u00e9lastique et antid\u00e9rapante au niveau de la taille.","og_url":"https:\/\/mb-race.com\/produit\/maillot-vtt-tactic-2024\/","og_site_name":"MB Race","article_modified_time":"2025-12-20T12:12:02+00:00","og_image":[{"width":940,"height":788,"url":"https:\/\/mb-race.com\/wp-content\/uploads\/2024\/07\/2.png","type":"image\/png"}],"twitter_card":"summary_large_image","twitter_misc":{"Est. reading time":"1 minute"},"schema":{"@context":"https:\/\/schema.org","@graph":[{"@type":"WebPage","@id":"https:\/\/mb-race.com\/produit\/maillot-vtt-tactic-2024\/","url":"https:\/\/mb-race.com\/produit\/maillot-vtt-tactic-2024\/","name":"Maillot VTT Tactic 2024 - MB Race","isPartOf":{"@id":"https:\/\/mb-race.com\/#website"},"primaryImageOfPage":{"@id":"https:\/\/mb-race.com\/produit\/maillot-vtt-tactic-2024\/#primaryimage"},"image":{"@id":"https:\/\/mb-race.com\/produit\/maillot-vtt-tactic-2024\/#primaryimage"},"thumbnailUrl":"https:\/\/mb-race.com\/wp-content\/uploads\/2024\/07\/2.png","datePublished":"2024-07-17T12:35:45+00:00","dateModified":"2025-12-20T12:12:02+00:00","breadcrumb":{"@id":"https:\/\/mb-race.com\/produit\/maillot-vtt-tactic-2024\/#breadcrumb"},"inLanguage":"en-US","potentialAction":[{"@type":"ReadAction","target":["https:\/\/mb-race.com\/produit\/maillot-vtt-tactic-2024\/"]}]},{"@type":"ImageObject","inLanguage":"en-US","@id":"https:\/\/mb-race.com\/produit\/maillot-vtt-tactic-2024\/#primaryimage","url":"https:\/\/mb-race.com\/wp-content\/uploads\/2024\/07\/2.png","contentUrl":"https:\/\/mb-race.com\/wp-content\/uploads\/2024\/07\/2.png","width":940,"height":788},{"@type":"BreadcrumbList","@id":"https:\/\/mb-race.com\/produit\/maillot-vtt-tactic-2024\/#breadcrumb","itemListElement":[{"@type":"ListItem","position":1,"name":"Accueil","item":"https:\/\/mb-race.com\/en\/home\/"},{"@type":"ListItem","position":2,"name":"Shop","item":"https:\/\/mb-race.com\/en\/shop\/"},{"@type":"ListItem","position":3,"name":"Maillot VTT Tactic 2024"}]},{"@type":"WebSite","@id":"https:\/\/mb-race.com\/#website","url":"https:\/\/mb-race.com\/","name":"MB Race","description":"La course de VTT","publisher":{"@id":"https:\/\/mb-race.com\/#organization"},"potentialAction":[{"@type":"SearchAction","target":{"@type":"EntryPoint","urlTemplate":"https:\/\/mb-race.com\/?s={search_term_string}"},"query-input":{"@type":"PropertyValueSpecification","valueRequired":true,"valueName":"search_term_string"}}],"inLanguage":"en-US"},{"@type":"Organization","@id":"https:\/\/mb-race.com\/#organization","name":"MB Race","alternateName":"La course VTT la plus difficile au monde","url":"https:\/\/mb-race.com\/","logo":{"@type":"ImageObject","inLanguage":"en-US","@id":"https:\/\/mb-race.com\/#\/schema\/logo\/image\/","url":"https:\/\/mb-race.com\/wp-content\/uploads\/2023\/10\/logo.png.webp","contentUrl":"https:\/\/mb-race.com\/wp-content\/uploads\/2023\/10\/logo.png.webp","width":1079,"height":611,"caption":"MB Race"},"image":{"@id":"https:\/\/mb-race.com\/#\/schema\/logo\/image\/"}}]}},"_links":{"self":[{"href":"https:\/\/mb-race.com\/en\/wp-json\/wp\/v2\/product\/18545","targetHints":{"allow":["GET"]}}],"collection":[{"href":"https:\/\/mb-race.com\/en\/wp-json\/wp\/v2\/product"}],"about":[{"href":"https:\/\/mb-race.com\/en\/wp-json\/wp\/v2\/types\/product"}],"wp:featuredmedia":[{"embeddable":true,"href":"https:\/\/mb-race.com\/en\/wp-json\/wp\/v2\/media\/18548"}],"wp:attachment":[{"href":"https:\/\/mb-race.com\/en\/wp-json\/wp\/v2\/media?parent=18545"}],"wp:term":[{"taxonomy":"product_brand","embeddable":true,"href":"https:\/\/mb-race.com\/en\/wp-json\/wp\/v2\/product_brand?post=18545"},{"taxonomy":"product_cat","embeddable":true,"href":"https:\/\/mb-race.com\/en\/wp-json\/wp\/v2\/product_cat?post=18545"},{"taxonomy":"product_tag","embeddable":true,"href":"https:\/\/mb-race.com\/en\/wp-json\/wp\/v2\/product_tag?post=18545"}],"curies":[{"name":"wp","href":"https:\/\/api.w.org\/{rel}","templated":true}]}}