{"id":3834,"date":"2023-10-31T14:02:43","date_gmt":"2023-10-31T13:02:43","guid":{"rendered":"https:\/\/mb-race.com\/contact\/"},"modified":"2026-02-04T16:57:56","modified_gmt":"2026-02-04T15:57:56","slug":"contact","status":"publish","type":"page","link":"https:\/\/mb-race.com\/en\/contact\/","title":{"rendered":"Contact"},"content":{"rendered":"\t\t<div data-elementor-type=\"wp-page\" data-elementor-id=\"3834\" class=\"elementor elementor-3834 elementor-36\" data-elementor-post-type=\"page\">\n\t\t\t\t\t\t<section class=\"elementor-section elementor-top-section elementor-element elementor-element-3966618 elementor-section-boxed elementor-section-height-default elementor-section-height-default\" data-id=\"3966618\" data-element_type=\"section\" data-e-type=\"section\" data-settings=\"{&quot;jet_parallax_layout_list&quot;:[],&quot;background_background&quot;:&quot;classic&quot;}\">\n\t\t\t\t\t\t\t<div class=\"elementor-background-overlay\"><\/div>\n\t\t\t\t\t\t\t<div class=\"elementor-container elementor-column-gap-default\">\n\t\t\t\t\t<div class=\"elementor-column elementor-col-100 elementor-top-column elementor-element elementor-element-71286ce\" data-id=\"71286ce\" data-element_type=\"column\" data-e-type=\"column\">\n\t\t\t<div class=\"elementor-widget-wrap elementor-element-populated\">\n\t\t\t\t\t\t<div class=\"elementor-element elementor-element-eef89b2 elementor-widget elementor-widget-heading\" data-id=\"eef89b2\" data-element_type=\"widget\" data-e-type=\"widget\" data-widget_type=\"heading.default\">\n\t\t\t\t<div class=\"elementor-widget-container\">\n\t\t\t\t\t<h1 class=\"elementor-heading-title elementor-size-default\">Contact<\/h1>\t\t\t\t<\/div>\n\t\t\t\t<\/div>\n\t\t\t\t\t<\/div>\n\t\t<\/div>\n\t\t\t\t\t<\/div>\n\t\t<\/section>\n\t\t\t\t<section class=\"elementor-section elementor-top-section elementor-element elementor-element-7c86da5 elementor-section-boxed elementor-section-height-default elementor-section-height-default\" data-id=\"7c86da5\" data-element_type=\"section\" data-e-type=\"section\" data-settings=\"{&quot;jet_parallax_layout_list&quot;:[],&quot;background_background&quot;:&quot;classic&quot;}\">\n\t\t\t\t\t\t<div class=\"elementor-container elementor-column-gap-default\">\n\t\t\t\t\t<div class=\"elementor-column elementor-col-100 elementor-top-column elementor-element elementor-element-8f3bc9d\" data-id=\"8f3bc9d\" data-element_type=\"column\" data-e-type=\"column\">\n\t\t\t<div class=\"elementor-widget-wrap elementor-element-populated\">\n\t\t\t\t\t\t<div class=\"elementor-element elementor-element-bb51756 elementor-widget__width-initial elementor-absolute elementor-widget-divider--view-line elementor-widget elementor-widget-divider\" data-id=\"bb51756\" data-element_type=\"widget\" data-e-type=\"widget\" data-settings=\"{&quot;_position&quot;:&quot;absolute&quot;}\" data-widget_type=\"divider.default\">\n\t\t\t\t<div class=\"elementor-widget-container\">\n\t\t\t\t\t\t\t<div class=\"elementor-divider\">\n\t\t\t<span class=\"elementor-divider-separator\">\n\t\t\t\t\t\t<\/span>\n\t\t<\/div>\n\t\t\t\t\t\t<\/div>\n\t\t\t\t<\/div>\n\t\t\t\t<div class=\"elementor-element elementor-element-c34146b elementor-widget elementor-widget-heading\" data-id=\"c34146b\" data-element_type=\"widget\" data-e-type=\"widget\" data-widget_type=\"heading.default\">\n\t\t\t\t<div class=\"elementor-widget-container\">\n\t\t\t\t\t<h3 class=\"elementor-heading-title elementor-size-default\">Contact MB Race<\/h3>\t\t\t\t<\/div>\n\t\t\t\t<\/div>\n\t\t\t\t<div class=\"elementor-element elementor-element-4a01b9a elementor-widget elementor-widget-heading\" data-id=\"4a01b9a\" data-element_type=\"widget\" data-e-type=\"widget\" data-widget_type=\"heading.default\">\n\t\t\t\t<div class=\"elementor-widget-container\">\n\t\t\t\t\t<h2 class=\"elementor-heading-title elementor-size-default\">Contact details<\/h2>\t\t\t\t<\/div>\n\t\t\t\t<\/div>\n\t\t\t\t<section class=\"elementor-section elementor-inner-section elementor-element elementor-element-e0f44ae elementor-section-boxed elementor-section-height-default elementor-section-height-default\" data-id=\"e0f44ae\" data-element_type=\"section\" data-e-type=\"section\" data-settings=\"{&quot;jet_parallax_layout_list&quot;:[]}\">\n\t\t\t\t\t\t<div class=\"elementor-container elementor-column-gap-default\">\n\t\t\t\t\t<div class=\"elementor-column elementor-col-50 elementor-inner-column elementor-element elementor-element-7363714\" data-id=\"7363714\" data-element_type=\"column\" data-e-type=\"column\" data-settings=\"{&quot;background_background&quot;:&quot;classic&quot;,&quot;motion_fx_motion_fx_scrolling&quot;:&quot;yes&quot;,&quot;motion_fx_translateY_effect&quot;:&quot;yes&quot;,&quot;motion_fx_translateY_speed&quot;:{&quot;unit&quot;:&quot;px&quot;,&quot;size&quot;:1,&quot;sizes&quot;:[]},&quot;motion_fx_translateY_affectedRange&quot;:{&quot;unit&quot;:&quot;%&quot;,&quot;size&quot;:&quot;&quot;,&quot;sizes&quot;:{&quot;start&quot;:0,&quot;end&quot;:50}},&quot;motion_fx_devices&quot;:[&quot;widescreen&quot;,&quot;desktop&quot;,&quot;tablet_extra&quot;,&quot;tablet&quot;,&quot;mobile&quot;]}\">\n\t\t\t<div class=\"elementor-widget-wrap elementor-element-populated\">\n\t\t\t\t\t\t<div class=\"elementor-element elementor-element-182a88c elementor-position-top elementor-widget elementor-widget-image-box\" data-id=\"182a88c\" data-element_type=\"widget\" data-e-type=\"widget\" data-widget_type=\"image-box.default\">\n\t\t\t\t<div class=\"elementor-widget-container\">\n\t\t\t\t\t<div class=\"elementor-image-box-wrapper\"><figure class=\"elementor-image-box-img\"><img decoding=\"async\" width=\"57\" height=\"57\" src=\"https:\/\/mb-race.com\/wp-content\/uploads\/2023\/11\/Groupe-174.png\" class=\"attachment-full size-full wp-image-3500\" alt=\"\" \/><\/figure><div class=\"elementor-image-box-content\"><h3 class=\"elementor-image-box-title\">Postal<br>adress<\/h3><p class=\"elementor-image-box-description\">Association MB Race <br>1051 Avenue de Gen\u00e8ve <br>74700 Sallanches \n<\/p><\/div><\/div>\t\t\t\t<\/div>\n\t\t\t\t<\/div>\n\t\t\t\t\t<\/div>\n\t\t<\/div>\n\t\t\t\t<div class=\"elementor-column elementor-col-50 elementor-inner-column elementor-element elementor-element-7089871\" data-id=\"7089871\" data-element_type=\"column\" data-e-type=\"column\" data-settings=\"{&quot;background_background&quot;:&quot;classic&quot;,&quot;motion_fx_motion_fx_scrolling&quot;:&quot;yes&quot;,&quot;motion_fx_translateY_effect&quot;:&quot;yes&quot;,&quot;motion_fx_translateY_speed&quot;:{&quot;unit&quot;:&quot;px&quot;,&quot;size&quot;:5,&quot;sizes&quot;:[]},&quot;motion_fx_translateY_affectedRange&quot;:{&quot;unit&quot;:&quot;%&quot;,&quot;size&quot;:&quot;&quot;,&quot;sizes&quot;:{&quot;start&quot;:0,&quot;end&quot;:50}},&quot;motion_fx_devices&quot;:[&quot;widescreen&quot;,&quot;desktop&quot;,&quot;tablet_extra&quot;,&quot;tablet&quot;,&quot;mobile&quot;]}\">\n\t\t\t<div class=\"elementor-widget-wrap elementor-element-populated\">\n\t\t\t\t\t\t<div class=\"elementor-element elementor-element-3c6db0e elementor-position-top elementor-widget elementor-widget-image-box\" data-id=\"3c6db0e\" data-element_type=\"widget\" data-e-type=\"widget\" data-widget_type=\"image-box.default\">\n\t\t\t\t<div class=\"elementor-widget-container\">\n\t\t\t\t\t<div class=\"elementor-image-box-wrapper\"><figure class=\"elementor-image-box-img\"><img decoding=\"async\" width=\"57\" height=\"57\" src=\"https:\/\/mb-race.com\/wp-content\/uploads\/2023\/11\/Groupe-176.png\" class=\"attachment-full size-full wp-image-3499\" alt=\"\" \/><\/figure><div class=\"elementor-image-box-content\"><h3 class=\"elementor-image-box-title\">How to get to the event <\/h3><p class=\"elementor-image-box-description\">Parking du Palais des Sports de Meg\u00e8ve<br>200 route de la Plaine<br>74120 Meg\u00e8ve\n<\/p><\/div><\/div>\t\t\t\t<\/div>\n\t\t\t\t<\/div>\n\t\t\t\t\t<\/div>\n\t\t<\/div>\n\t\t\t\t\t<\/div>\n\t\t<\/section>\n\t\t\t\t\t<\/div>\n\t\t<\/div>\n\t\t\t\t\t<\/div>\n\t\t<\/section>\n\t\t\t\t<section class=\"elementor-section elementor-top-section elementor-element elementor-element-6b5715b elementor-section-boxed elementor-section-height-default elementor-section-height-default\" data-id=\"6b5715b\" data-element_type=\"section\" data-e-type=\"section\" data-settings=\"{&quot;jet_parallax_layout_list&quot;:[]}\">\n\t\t\t\t\t\t<div class=\"elementor-container elementor-column-gap-default\">\n\t\t\t\t\t<div class=\"elementor-column elementor-col-50 elementor-top-column elementor-element elementor-element-2f7265a\" data-id=\"2f7265a\" data-element_type=\"column\" data-e-type=\"column\">\n\t\t\t<div class=\"elementor-widget-wrap elementor-element-populated\">\n\t\t\t\t\t\t<div class=\"elementor-element elementor-element-994e1a8 elementor-widget elementor-widget-image\" data-id=\"994e1a8\" data-element_type=\"widget\" data-e-type=\"widget\" data-widget_type=\"image.default\">\n\t\t\t\t<div class=\"elementor-widget-container\">\n\t\t\t\t\t\t\t\t\t\t\t\t\t\t\t<img fetchpriority=\"high\" decoding=\"async\" width=\"800\" height=\"600\" src=\"https:\/\/mb-race.com\/wp-content\/uploads\/2023\/11\/contact-mb-race-1024x768.jpg\" class=\"attachment-large size-large wp-image-3532\" alt=\"Contact MB Race\" srcset=\"https:\/\/mb-race.com\/wp-content\/uploads\/2023\/11\/contact-mb-race-1024x768.jpg 1024w, https:\/\/mb-race.com\/wp-content\/uploads\/2023\/11\/contact-mb-race-600x450.jpg 600w, https:\/\/mb-race.com\/wp-content\/uploads\/2023\/11\/contact-mb-race-300x225.jpg 300w, https:\/\/mb-race.com\/wp-content\/uploads\/2023\/11\/contact-mb-race-768x576.jpg 768w, https:\/\/mb-race.com\/wp-content\/uploads\/2023\/11\/contact-mb-race-1536x1152.jpg 1536w, https:\/\/mb-race.com\/wp-content\/uploads\/2023\/11\/contact-mb-race.jpg 1700w\" sizes=\"(max-width: 800px) 100vw, 800px\" \/>\t\t\t\t\t\t\t\t\t\t\t\t\t\t\t<\/div>\n\t\t\t\t<\/div>\n\t\t\t\t\t<\/div>\n\t\t<\/div>\n\t\t\t\t<div class=\"elementor-column elementor-col-50 elementor-top-column elementor-element elementor-element-b496b46\" data-id=\"b496b46\" data-element_type=\"column\" data-e-type=\"column\">\n\t\t\t<div class=\"elementor-widget-wrap elementor-element-populated\">\n\t\t\t\t\t\t<div class=\"elementor-element elementor-element-65ea1db elementor-hidden-widescreen elementor-hidden-desktop elementor-hidden-tablet_extra elementor-hidden-tablet elementor-hidden-mobile elementor-widget elementor-widget-text-editor\" data-id=\"65ea1db\" data-element_type=\"widget\" data-e-type=\"widget\" data-widget_type=\"text-editor.default\">\n\t\t\t\t<div class=\"elementor-widget-container\">\n\t\t\t\t\t\t\t\t\t<p>We are currently experiencing issues with the contact form. If you wish to contact us, <strong>please send an email directly to <a href=\"mailto:contact@mb-race.com\"><strong>contact@mb-race.com<\/strong><\/a>.<\/strong>  <\/p>\t\t\t\t\t\t\t\t<\/div>\n\t\t\t\t<\/div>\n\t\t\t\t<div class=\"elementor-element elementor-element-7b4cce1 elementor-button-align-center elementor-widget elementor-widget-form\" data-id=\"7b4cce1\" data-element_type=\"widget\" data-e-type=\"widget\" data-settings=\"{&quot;step_next_label&quot;:&quot;Next&quot;,&quot;step_previous_label&quot;:&quot;Previous&quot;,&quot;button_width&quot;:&quot;100&quot;,&quot;step_type&quot;:&quot;number_text&quot;,&quot;step_icon_shape&quot;:&quot;circle&quot;}\" data-widget_type=\"form.default\">\n\t\t\t\t<div class=\"elementor-widget-container\">\n\t\t\t\t\t\t\t<form class=\"elementor-form\" method=\"post\" name=\"Nouvelle inscription\" aria-label=\"Nouvelle inscription\">\n\t\t\t<input type=\"hidden\" name=\"post_id\" value=\"3834\"\/>\n\t\t\t<input type=\"hidden\" name=\"form_id\" value=\"7b4cce1\"\/>\n\t\t\t<input type=\"hidden\" name=\"referer_title\" value=\"Contact - MB Race - Meg\u00e8ve and Combloux mountain bike race\" \/>\n\n\t\t\t\t\t\t\t<input type=\"hidden\" name=\"queried_id\" value=\"3834\"\/>\n\t\t\t\n\t\t\t<div class=\"elementor-form-fields-wrapper elementor-labels-above\">\n\t\t\t\t\t\t\t\t<div class=\"elementor-field-type-text elementor-field-group elementor-column elementor-field-group-name elementor-col-50 elementor-field-required elementor-mark-required\">\n\t\t\t\t\t\t\t\t\t\t\t\t<label for=\"form-field-name\" class=\"elementor-field-label\">\n\t\t\t\t\t\t\t\tLast name\t\t\t\t\t\t\t<\/label>\n\t\t\t\t\t\t\t\t\t\t\t\t\t\t<input size=\"1\" type=\"text\" name=\"form_fields[name]\" id=\"form-field-name\" class=\"elementor-field elementor-size-sm  elementor-field-textual\" placeholder=\"Doe\" required=\"required\">\n\t\t\t\t\t\t\t\t\t\t\t<\/div>\n\t\t\t\t\t\t\t\t<div class=\"elementor-field-type-text elementor-field-group elementor-column elementor-field-group-field_199f63d elementor-col-50 elementor-field-required elementor-mark-required\">\n\t\t\t\t\t\t\t\t\t\t\t\t<label for=\"form-field-field_199f63d\" class=\"elementor-field-label\">\n\t\t\t\t\t\t\t\tFirst name\t\t\t\t\t\t\t<\/label>\n\t\t\t\t\t\t\t\t\t\t\t\t\t\t<input size=\"1\" type=\"text\" name=\"form_fields[field_199f63d]\" id=\"form-field-field_199f63d\" class=\"elementor-field elementor-size-sm  elementor-field-textual\" placeholder=\"John\" required=\"required\">\n\t\t\t\t\t\t\t\t\t\t\t<\/div>\n\t\t\t\t\t\t\t\t<div class=\"elementor-field-type-email elementor-field-group elementor-column elementor-field-group-email elementor-col-100 elementor-field-required elementor-mark-required\">\n\t\t\t\t\t\t\t\t\t\t\t\t<label for=\"form-field-email\" class=\"elementor-field-label\">\n\t\t\t\t\t\t\t\tEmail\t\t\t\t\t\t\t<\/label>\n\t\t\t\t\t\t\t\t\t\t\t\t\t\t<input size=\"1\" type=\"email\" name=\"form_fields[email]\" id=\"form-field-email\" class=\"elementor-field elementor-size-sm  elementor-field-textual\" placeholder=\"johndoe@email.com\" required=\"required\">\n\t\t\t\t\t\t\t\t\t\t\t<\/div>\n\t\t\t\t\t\t\t\t<div class=\"elementor-field-type-text elementor-field-group elementor-column elementor-field-group-field_5d36024 elementor-col-100\">\n\t\t\t\t\t\t\t\t\t\t\t\t<label for=\"form-field-field_5d36024\" class=\"elementor-field-label\">\n\t\t\t\t\t\t\t\tSubject\t\t\t\t\t\t\t<\/label>\n\t\t\t\t\t\t\t\t\t\t\t\t\t\t<input size=\"1\" type=\"text\" name=\"form_fields[field_5d36024]\" id=\"form-field-field_5d36024\" class=\"elementor-field elementor-size-sm  elementor-field-textual\" placeholder=\"Asking a question\">\n\t\t\t\t\t\t\t\t\t\t\t<\/div>\n\t\t\t\t\t\t\t\t<div class=\"elementor-field-type-textarea elementor-field-group elementor-column elementor-field-group-message elementor-col-100 elementor-field-required elementor-mark-required\">\n\t\t\t\t\t\t\t\t\t\t\t\t<label for=\"form-field-message\" class=\"elementor-field-label\">\n\t\t\t\t\t\t\t\tMessage\t\t\t\t\t\t\t<\/label>\n\t\t\t\t\t\t<textarea class=\"elementor-field-textual elementor-field  elementor-size-sm\" name=\"form_fields[message]\" id=\"form-field-message\" rows=\"4\" placeholder=\"Your message\" required=\"required\"><\/textarea>\t\t\t\t<\/div>\n\t\t\t\t\t\t\t\t<div class=\"elementor-field-type-recaptcha_v3 elementor-field-group elementor-column elementor-field-group-field_b71ead6 elementor-col-100 recaptcha_v3-bottomright\">\n\t\t\t\t\t<div class=\"elementor-field\" id=\"form-field-field_b71ead6\"><div class=\"elementor-g-recaptcha\" data-sitekey=\"6LcUMw8pAAAAACq3gD1yx7XL8bLebReQOPvudKdA\" data-type=\"v3\" data-action=\"Form\" data-badge=\"bottomright\" data-size=\"invisible\"><\/div><\/div>\t\t\t\t<\/div>\n\t\t\t\t\t\t\t\t<div class=\"elementor-field-group elementor-column elementor-field-type-submit elementor-col-100 e-form__buttons\">\n\t\t\t\t\t<button class=\"elementor-button elementor-size-sm\" type=\"submit\">\n\t\t\t\t\t\t<span class=\"elementor-button-content-wrapper\">\n\t\t\t\t\t\t\t\t\t\t\t\t\t\t\t\t\t\t\t\t\t\t<span class=\"elementor-button-text\">Send<\/span>\n\t\t\t\t\t\t\t\t\t\t\t\t\t<\/span>\n\t\t\t\t\t<\/button>\n\t\t\t\t<\/div>\n\t\t\t<\/div>\n\t\t<\/form>\n\t\t\t\t\t\t<\/div>\n\t\t\t\t<\/div>\n\t\t\t\t\t<\/div>\n\t\t<\/div>\n\t\t\t\t\t<\/div>\n\t\t<\/section>\n\t\t\t\t<\/div>\n\t\t","protected":false},"excerpt":{"rendered":"<p>Contact Contact MB Race Contact details Postaladress Association MB Race 1051 Avenue de Gen\u00e8ve 74700 Sallanches How to get to the event Parking du Palais des Sports de Meg\u00e8ve200 route de la Plaine74120 Meg\u00e8ve We are currently experiencing issues with the contact form. If you wish to contact us, please send an email directly to [&hellip;]<\/p>\n","protected":false},"author":1,"featured_media":3531,"parent":0,"menu_order":0,"comment_status":"closed","ping_status":"closed","template":"","meta":{"footnotes":""},"class_list":["post-3834","page","type-page","status-publish","has-post-thumbnail","hentry"],"yoast_head":"<!-- This site is optimized with the Yoast SEO plugin v27.4 - https:\/\/yoast.com\/product\/yoast-seo-wordpress\/ -->\n<title>Contact - MB Race - Meg\u00e8ve and Combloux mountain bike race<\/title>\n<meta name=\"description\" content=\"Looking for a contact or information about the MB Race event? Contact us now by e-mail or consult our FAQ!\" \/>\n<meta name=\"robots\" content=\"index, follow, max-snippet:-1, max-image-preview:large, max-video-preview:-1\" \/>\n<link rel=\"canonical\" href=\"https:\/\/mb-race.com\/contact\/\" \/>\n<meta property=\"og:locale\" content=\"en_US\" \/>\n<meta property=\"og:type\" content=\"article\" \/>\n<meta property=\"og:title\" content=\"Contact - MB Race - Meg\u00e8ve and Combloux mountain bike race\" \/>\n<meta property=\"og:description\" content=\"Looking for a contact or information about the MB Race event? Contact us now by e-mail or consult our FAQ!\" \/>\n<meta property=\"og:url\" content=\"https:\/\/mb-race.com\/contact\/\" \/>\n<meta property=\"og:site_name\" content=\"MB Race\" \/>\n<meta property=\"article:modified_time\" content=\"2026-02-04T15:57:56+00:00\" \/>\n<meta property=\"og:image\" content=\"https:\/\/mb-race.com\/wp-content\/uploads\/2023\/11\/contact-mb-race-course-vtt.jpg\" \/>\n\t<meta property=\"og:image:width\" content=\"1920\" \/>\n\t<meta property=\"og:image:height\" content=\"890\" \/>\n\t<meta property=\"og:image:type\" content=\"image\/jpeg\" \/>\n<meta name=\"twitter:card\" content=\"summary_large_image\" \/>\n<script type=\"application\/ld+json\" class=\"yoast-schema-graph\">{\"@context\":\"https:\\\/\\\/schema.org\",\"@graph\":[{\"@type\":\"WebPage\",\"@id\":\"https:\\\/\\\/mb-race.com\\\/contact\\\/\",\"url\":\"https:\\\/\\\/mb-race.com\\\/contact\\\/\",\"name\":\"Contact - MB Race - Meg\u00e8ve and Combloux mountain bike race\",\"isPartOf\":{\"@id\":\"https:\\\/\\\/mb-race.com\\\/#website\"},\"primaryImageOfPage\":{\"@id\":\"https:\\\/\\\/mb-race.com\\\/contact\\\/#primaryimage\"},\"image\":{\"@id\":\"https:\\\/\\\/mb-race.com\\\/contact\\\/#primaryimage\"},\"thumbnailUrl\":\"https:\\\/\\\/mb-race.com\\\/wp-content\\\/uploads\\\/2023\\\/11\\\/contact-mb-race-course-vtt.jpg\",\"datePublished\":\"2023-10-31T13:02:43+00:00\",\"dateModified\":\"2026-02-04T15:57:56+00:00\",\"description\":\"Looking for a contact or information about the MB Race event? Contact us now by e-mail or consult our FAQ!\",\"breadcrumb\":{\"@id\":\"https:\\\/\\\/mb-race.com\\\/contact\\\/#breadcrumb\"},\"inLanguage\":\"en-US\",\"potentialAction\":[{\"@type\":\"ReadAction\",\"target\":[\"https:\\\/\\\/mb-race.com\\\/contact\\\/\"]}]},{\"@type\":\"ImageObject\",\"inLanguage\":\"en-US\",\"@id\":\"https:\\\/\\\/mb-race.com\\\/contact\\\/#primaryimage\",\"url\":\"https:\\\/\\\/mb-race.com\\\/wp-content\\\/uploads\\\/2023\\\/11\\\/contact-mb-race-course-vtt.jpg\",\"contentUrl\":\"https:\\\/\\\/mb-race.com\\\/wp-content\\\/uploads\\\/2023\\\/11\\\/contact-mb-race-course-vtt.jpg\",\"width\":1920,\"height\":890,\"caption\":\"Contact MB Race\"},{\"@type\":\"BreadcrumbList\",\"@id\":\"https:\\\/\\\/mb-race.com\\\/contact\\\/#breadcrumb\",\"itemListElement\":[{\"@type\":\"ListItem\",\"position\":1,\"name\":\"Accueil\",\"item\":\"https:\\\/\\\/mb-race.com\\\/en\\\/home\\\/\"},{\"@type\":\"ListItem\",\"position\":2,\"name\":\"Contact\"}]},{\"@type\":\"WebSite\",\"@id\":\"https:\\\/\\\/mb-race.com\\\/#website\",\"url\":\"https:\\\/\\\/mb-race.com\\\/\",\"name\":\"MB Race\",\"description\":\"La course de VTT\",\"publisher\":{\"@id\":\"https:\\\/\\\/mb-race.com\\\/#organization\"},\"potentialAction\":[{\"@type\":\"SearchAction\",\"target\":{\"@type\":\"EntryPoint\",\"urlTemplate\":\"https:\\\/\\\/mb-race.com\\\/?s={search_term_string}\"},\"query-input\":{\"@type\":\"PropertyValueSpecification\",\"valueRequired\":true,\"valueName\":\"search_term_string\"}}],\"inLanguage\":\"en-US\"},{\"@type\":\"Organization\",\"@id\":\"https:\\\/\\\/mb-race.com\\\/#organization\",\"name\":\"MB Race\",\"alternateName\":\"La course VTT la plus difficile au monde\",\"url\":\"https:\\\/\\\/mb-race.com\\\/\",\"logo\":{\"@type\":\"ImageObject\",\"inLanguage\":\"en-US\",\"@id\":\"https:\\\/\\\/mb-race.com\\\/#\\\/schema\\\/logo\\\/image\\\/\",\"url\":\"https:\\\/\\\/mb-race.com\\\/wp-content\\\/uploads\\\/2023\\\/10\\\/logo.png.webp\",\"contentUrl\":\"https:\\\/\\\/mb-race.com\\\/wp-content\\\/uploads\\\/2023\\\/10\\\/logo.png.webp\",\"width\":1079,\"height\":611,\"caption\":\"MB Race\"},\"image\":{\"@id\":\"https:\\\/\\\/mb-race.com\\\/#\\\/schema\\\/logo\\\/image\\\/\"}}]}<\/script>\n<!-- \/ Yoast SEO plugin. -->","yoast_head_json":{"title":"Contact - MB Race - Meg\u00e8ve and Combloux mountain bike race","description":"Looking for a contact or information about the MB Race event? Contact us now by e-mail or consult our FAQ!","robots":{"index":"index","follow":"follow","max-snippet":"max-snippet:-1","max-image-preview":"max-image-preview:large","max-video-preview":"max-video-preview:-1"},"canonical":"https:\/\/mb-race.com\/contact\/","og_locale":"en_US","og_type":"article","og_title":"Contact - MB Race - Meg\u00e8ve and Combloux mountain bike race","og_description":"Looking for a contact or information about the MB Race event? Contact us now by e-mail or consult our FAQ!","og_url":"https:\/\/mb-race.com\/contact\/","og_site_name":"MB Race","article_modified_time":"2026-02-04T15:57:56+00:00","og_image":[{"width":1920,"height":890,"url":"https:\/\/mb-race.com\/wp-content\/uploads\/2023\/11\/contact-mb-race-course-vtt.jpg","type":"image\/jpeg"}],"twitter_card":"summary_large_image","schema":{"@context":"https:\/\/schema.org","@graph":[{"@type":"WebPage","@id":"https:\/\/mb-race.com\/contact\/","url":"https:\/\/mb-race.com\/contact\/","name":"Contact - MB Race - Meg\u00e8ve and Combloux mountain bike race","isPartOf":{"@id":"https:\/\/mb-race.com\/#website"},"primaryImageOfPage":{"@id":"https:\/\/mb-race.com\/contact\/#primaryimage"},"image":{"@id":"https:\/\/mb-race.com\/contact\/#primaryimage"},"thumbnailUrl":"https:\/\/mb-race.com\/wp-content\/uploads\/2023\/11\/contact-mb-race-course-vtt.jpg","datePublished":"2023-10-31T13:02:43+00:00","dateModified":"2026-02-04T15:57:56+00:00","description":"Looking for a contact or information about the MB Race event? Contact us now by e-mail or consult our FAQ!","breadcrumb":{"@id":"https:\/\/mb-race.com\/contact\/#breadcrumb"},"inLanguage":"en-US","potentialAction":[{"@type":"ReadAction","target":["https:\/\/mb-race.com\/contact\/"]}]},{"@type":"ImageObject","inLanguage":"en-US","@id":"https:\/\/mb-race.com\/contact\/#primaryimage","url":"https:\/\/mb-race.com\/wp-content\/uploads\/2023\/11\/contact-mb-race-course-vtt.jpg","contentUrl":"https:\/\/mb-race.com\/wp-content\/uploads\/2023\/11\/contact-mb-race-course-vtt.jpg","width":1920,"height":890,"caption":"Contact MB Race"},{"@type":"BreadcrumbList","@id":"https:\/\/mb-race.com\/contact\/#breadcrumb","itemListElement":[{"@type":"ListItem","position":1,"name":"Accueil","item":"https:\/\/mb-race.com\/en\/home\/"},{"@type":"ListItem","position":2,"name":"Contact"}]},{"@type":"WebSite","@id":"https:\/\/mb-race.com\/#website","url":"https:\/\/mb-race.com\/","name":"MB Race","description":"La course de VTT","publisher":{"@id":"https:\/\/mb-race.com\/#organization"},"potentialAction":[{"@type":"SearchAction","target":{"@type":"EntryPoint","urlTemplate":"https:\/\/mb-race.com\/?s={search_term_string}"},"query-input":{"@type":"PropertyValueSpecification","valueRequired":true,"valueName":"search_term_string"}}],"inLanguage":"en-US"},{"@type":"Organization","@id":"https:\/\/mb-race.com\/#organization","name":"MB Race","alternateName":"La course VTT la plus difficile au monde","url":"https:\/\/mb-race.com\/","logo":{"@type":"ImageObject","inLanguage":"en-US","@id":"https:\/\/mb-race.com\/#\/schema\/logo\/image\/","url":"https:\/\/mb-race.com\/wp-content\/uploads\/2023\/10\/logo.png.webp","contentUrl":"https:\/\/mb-race.com\/wp-content\/uploads\/2023\/10\/logo.png.webp","width":1079,"height":611,"caption":"MB Race"},"image":{"@id":"https:\/\/mb-race.com\/#\/schema\/logo\/image\/"}}]}},"_links":{"self":[{"href":"https:\/\/mb-race.com\/en\/wp-json\/wp\/v2\/pages\/3834","targetHints":{"allow":["GET"]}}],"collection":[{"href":"https:\/\/mb-race.com\/en\/wp-json\/wp\/v2\/pages"}],"about":[{"href":"https:\/\/mb-race.com\/en\/wp-json\/wp\/v2\/types\/page"}],"author":[{"embeddable":true,"href":"https:\/\/mb-race.com\/en\/wp-json\/wp\/v2\/users\/1"}],"replies":[{"embeddable":true,"href":"https:\/\/mb-race.com\/en\/wp-json\/wp\/v2\/comments?post=3834"}],"version-history":[{"count":8,"href":"https:\/\/mb-race.com\/en\/wp-json\/wp\/v2\/pages\/3834\/revisions"}],"predecessor-version":[{"id":22932,"href":"https:\/\/mb-race.com\/en\/wp-json\/wp\/v2\/pages\/3834\/revisions\/22932"}],"wp:featuredmedia":[{"embeddable":true,"href":"https:\/\/mb-race.com\/en\/wp-json\/wp\/v2\/media\/3531"}],"wp:attachment":[{"href":"https:\/\/mb-race.com\/en\/wp-json\/wp\/v2\/media?parent=3834"}],"curies":[{"name":"wp","href":"https:\/\/api.w.org\/{rel}","templated":true}]}}