{"id":3434,"date":"2023-11-23T09:21:19","date_gmt":"2023-11-23T08:21:19","guid":{"rendered":"https:\/\/mb-race.com\/cart\/"},"modified":"2023-11-28T16:41:49","modified_gmt":"2023-11-28T15:41:49","slug":"cart","status":"publish","type":"page","link":"https:\/\/mb-race.com\/en\/cart\/","title":{"rendered":"Cart"},"content":{"rendered":"\t\t<div data-elementor-type=\"wp-page\" data-elementor-id=\"3434\" class=\"elementor elementor-3434 elementor-2532\" data-elementor-post-type=\"page\">\n\t\t\t\t\t\t<section class=\"elementor-section elementor-top-section elementor-element elementor-element-1d37db0e elementor-section-boxed elementor-section-height-default elementor-section-height-default\" data-id=\"1d37db0e\" data-element_type=\"section\" data-e-type=\"section\" data-settings=\"{&quot;jet_parallax_layout_list&quot;:[]}\">\n\t\t\t\t\t\t<div class=\"elementor-container elementor-column-gap-default\">\n\t\t\t\t\t<div class=\"elementor-column elementor-col-100 elementor-top-column elementor-element elementor-element-3b417498\" data-id=\"3b417498\" data-element_type=\"column\" data-e-type=\"column\">\n\t\t\t<div class=\"elementor-widget-wrap elementor-element-populated\">\n\t\t\t\t\t\t<div class=\"elementor-element elementor-element-92e82fd elementor-widget elementor-widget-heading\" data-id=\"92e82fd\" data-element_type=\"widget\" data-e-type=\"widget\" data-widget_type=\"heading.default\">\n\t\t\t\t<div class=\"elementor-widget-container\">\n\t\t\t\t\t<h1 class=\"elementor-heading-title elementor-size-default\">Cart<\/h1>\t\t\t\t<\/div>\n\t\t\t\t<\/div>\n\t\t\t\t<div class=\"elementor-element elementor-element-11b8b35 e-cart-layout-two-column elementor-widget elementor-widget-woocommerce-cart\" data-id=\"11b8b35\" data-element_type=\"widget\" data-e-type=\"widget\" data-settings=\"{&quot;checkout_button_hover_animation&quot;:&quot;grow&quot;}\" data-widget_type=\"woocommerce-cart.default\">\n\t\t\t\t<div class=\"elementor-widget-container\">\n\t\t\t\t\t<div class=\"woocommerce\"><div class=\"woocommerce-notices-wrapper\"><\/div><div class=\"wc-empty-cart-message\">\n\t<div class=\"cart-empty woocommerce-info\" role=\"status\">\n\t\tYour cart is currently empty.\t<\/div>\n<\/div>\t<p class=\"return-to-shop\">\n\t\t<a class=\"button wc-backward\" href=\"https:\/\/mb-race.com\/en\/shop\/\">\n\t\t\tReturn to shop\t\t<\/a>\n\t<\/p>\n<\/div>\t\t\t\t<\/div>\n\t\t\t\t<\/div>\n\t\t\t\t\t<\/div>\n\t\t<\/div>\n\t\t\t\t\t<\/div>\n\t\t<\/section>\n\t\t\t\t<\/div>\n\t\t","protected":false},"excerpt":{"rendered":"<p>Cart Supprimer l\u2019\u00e9l\u00e9ment Miniature Produit Prix Quantit\u00e9 Sous-total &times; Maillot VTT Tactic 2023 &#8211; S 75,00&nbsp;&euro; quantit\u00e9 de Maillot VTT Tactic 2023 &#8211; S&nbsp; 75,00&nbsp;&euro; Update cart Apply coupon<\/p>\n","protected":false},"author":1,"featured_media":0,"parent":0,"menu_order":0,"comment_status":"closed","ping_status":"closed","template":"","meta":{"footnotes":""},"class_list":["post-3434","page","type-page","status-publish","hentry"],"yoast_head":"<!-- This site is optimized with the Yoast SEO plugin v27.3 - https:\/\/yoast.com\/product\/yoast-seo-wordpress\/ -->\n<title>Cart - MB Race<\/title>\n<meta name=\"robots\" content=\"index, follow, max-snippet:-1, max-image-preview:large, max-video-preview:-1\" \/>\n<link rel=\"canonical\" href=\"https:\/\/mb-race.com\/en\/cart\/\" \/>\n<meta property=\"og:locale\" content=\"en_US\" \/>\n<meta property=\"og:type\" content=\"article\" \/>\n<meta property=\"og:title\" content=\"Cart - MB Race\" \/>\n<meta property=\"og:description\" content=\"Cart Supprimer l\u2019\u00e9l\u00e9ment Miniature Produit Prix Quantit\u00e9 Sous-total &times; Maillot VTT Tactic 2023 &#8211; S 75,00&nbsp;&euro; quantit\u00e9 de Maillot VTT Tactic 2023 &#8211; S&nbsp; 75,00&nbsp;&euro; Update cart Apply coupon\" \/>\n<meta property=\"og:url\" content=\"https:\/\/mb-race.com\/en\/cart\/\" \/>\n<meta property=\"og:site_name\" content=\"MB Race\" \/>\n<meta property=\"article:modified_time\" content=\"2023-11-28T15:41:49+00:00\" \/>\n<meta property=\"og:image\" content=\"https:\/\/mb-race.com\/wp-content\/uploads\/2023\/11\/Maillot-MB-Race-avant-300x300.jpg\" \/>\n<meta name=\"twitter:card\" content=\"summary_large_image\" \/>\n<script type=\"application\/ld+json\" class=\"yoast-schema-graph\">{\"@context\":\"https:\\\/\\\/schema.org\",\"@graph\":[{\"@type\":\"WebPage\",\"@id\":\"https:\\\/\\\/mb-race.com\\\/en\\\/cart\\\/\",\"url\":\"https:\\\/\\\/mb-race.com\\\/en\\\/cart\\\/\",\"name\":\"Cart - MB Race\",\"isPartOf\":{\"@id\":\"https:\\\/\\\/mb-race.com\\\/#website\"},\"primaryImageOfPage\":{\"@id\":\"https:\\\/\\\/mb-race.com\\\/en\\\/cart\\\/#primaryimage\"},\"image\":{\"@id\":\"https:\\\/\\\/mb-race.com\\\/en\\\/cart\\\/#primaryimage\"},\"thumbnailUrl\":\"https:\\\/\\\/mb-race.com\\\/wp-content\\\/uploads\\\/2023\\\/11\\\/Maillot-MB-Race-avant-300x300.jpg\",\"datePublished\":\"2023-11-23T08:21:19+00:00\",\"dateModified\":\"2023-11-28T15:41:49+00:00\",\"breadcrumb\":{\"@id\":\"https:\\\/\\\/mb-race.com\\\/en\\\/cart\\\/#breadcrumb\"},\"inLanguage\":\"en-US\",\"potentialAction\":[{\"@type\":\"ReadAction\",\"target\":[\"https:\\\/\\\/mb-race.com\\\/en\\\/cart\\\/\"]}]},{\"@type\":\"ImageObject\",\"inLanguage\":\"en-US\",\"@id\":\"https:\\\/\\\/mb-race.com\\\/en\\\/cart\\\/#primaryimage\",\"url\":\"https:\\\/\\\/mb-race.com\\\/wp-content\\\/uploads\\\/2023\\\/11\\\/Maillot-MB-Race-avant-300x300.jpg\",\"contentUrl\":\"https:\\\/\\\/mb-race.com\\\/wp-content\\\/uploads\\\/2023\\\/11\\\/Maillot-MB-Race-avant-300x300.jpg\"},{\"@type\":\"BreadcrumbList\",\"@id\":\"https:\\\/\\\/mb-race.com\\\/en\\\/cart\\\/#breadcrumb\",\"itemListElement\":[{\"@type\":\"ListItem\",\"position\":1,\"name\":\"Accueil\",\"item\":\"https:\\\/\\\/mb-race.com\\\/en\\\/home\\\/\"},{\"@type\":\"ListItem\",\"position\":2,\"name\":\"Cart\"}]},{\"@type\":\"WebSite\",\"@id\":\"https:\\\/\\\/mb-race.com\\\/#website\",\"url\":\"https:\\\/\\\/mb-race.com\\\/\",\"name\":\"MB Race\",\"description\":\"La course de VTT\",\"publisher\":{\"@id\":\"https:\\\/\\\/mb-race.com\\\/#organization\"},\"potentialAction\":[{\"@type\":\"SearchAction\",\"target\":{\"@type\":\"EntryPoint\",\"urlTemplate\":\"https:\\\/\\\/mb-race.com\\\/?s={search_term_string}\"},\"query-input\":{\"@type\":\"PropertyValueSpecification\",\"valueRequired\":true,\"valueName\":\"search_term_string\"}}],\"inLanguage\":\"en-US\"},{\"@type\":\"Organization\",\"@id\":\"https:\\\/\\\/mb-race.com\\\/#organization\",\"name\":\"MB Race\",\"alternateName\":\"La course VTT la plus difficile au monde\",\"url\":\"https:\\\/\\\/mb-race.com\\\/\",\"logo\":{\"@type\":\"ImageObject\",\"inLanguage\":\"en-US\",\"@id\":\"https:\\\/\\\/mb-race.com\\\/#\\\/schema\\\/logo\\\/image\\\/\",\"url\":\"https:\\\/\\\/mb-race.com\\\/wp-content\\\/uploads\\\/2023\\\/10\\\/logo.png.webp\",\"contentUrl\":\"https:\\\/\\\/mb-race.com\\\/wp-content\\\/uploads\\\/2023\\\/10\\\/logo.png.webp\",\"width\":1079,\"height\":611,\"caption\":\"MB Race\"},\"image\":{\"@id\":\"https:\\\/\\\/mb-race.com\\\/#\\\/schema\\\/logo\\\/image\\\/\"}}]}<\/script>\n<!-- \/ Yoast SEO plugin. -->","yoast_head_json":{"title":"Cart - MB Race","robots":{"index":"index","follow":"follow","max-snippet":"max-snippet:-1","max-image-preview":"max-image-preview:large","max-video-preview":"max-video-preview:-1"},"canonical":"https:\/\/mb-race.com\/en\/cart\/","og_locale":"en_US","og_type":"article","og_title":"Cart - MB Race","og_description":"Cart Supprimer l\u2019\u00e9l\u00e9ment Miniature Produit Prix Quantit\u00e9 Sous-total &times; Maillot VTT Tactic 2023 &#8211; S 75,00&nbsp;&euro; quantit\u00e9 de Maillot VTT Tactic 2023 &#8211; S&nbsp; 75,00&nbsp;&euro; Update cart Apply coupon","og_url":"https:\/\/mb-race.com\/en\/cart\/","og_site_name":"MB Race","article_modified_time":"2023-11-28T15:41:49+00:00","og_image":[{"url":"https:\/\/mb-race.com\/wp-content\/uploads\/2023\/11\/Maillot-MB-Race-avant-300x300.jpg","type":"","width":"","height":""}],"twitter_card":"summary_large_image","schema":{"@context":"https:\/\/schema.org","@graph":[{"@type":"WebPage","@id":"https:\/\/mb-race.com\/en\/cart\/","url":"https:\/\/mb-race.com\/en\/cart\/","name":"Cart - MB Race","isPartOf":{"@id":"https:\/\/mb-race.com\/#website"},"primaryImageOfPage":{"@id":"https:\/\/mb-race.com\/en\/cart\/#primaryimage"},"image":{"@id":"https:\/\/mb-race.com\/en\/cart\/#primaryimage"},"thumbnailUrl":"https:\/\/mb-race.com\/wp-content\/uploads\/2023\/11\/Maillot-MB-Race-avant-300x300.jpg","datePublished":"2023-11-23T08:21:19+00:00","dateModified":"2023-11-28T15:41:49+00:00","breadcrumb":{"@id":"https:\/\/mb-race.com\/en\/cart\/#breadcrumb"},"inLanguage":"en-US","potentialAction":[{"@type":"ReadAction","target":["https:\/\/mb-race.com\/en\/cart\/"]}]},{"@type":"ImageObject","inLanguage":"en-US","@id":"https:\/\/mb-race.com\/en\/cart\/#primaryimage","url":"https:\/\/mb-race.com\/wp-content\/uploads\/2023\/11\/Maillot-MB-Race-avant-300x300.jpg","contentUrl":"https:\/\/mb-race.com\/wp-content\/uploads\/2023\/11\/Maillot-MB-Race-avant-300x300.jpg"},{"@type":"BreadcrumbList","@id":"https:\/\/mb-race.com\/en\/cart\/#breadcrumb","itemListElement":[{"@type":"ListItem","position":1,"name":"Accueil","item":"https:\/\/mb-race.com\/en\/home\/"},{"@type":"ListItem","position":2,"name":"Cart"}]},{"@type":"WebSite","@id":"https:\/\/mb-race.com\/#website","url":"https:\/\/mb-race.com\/","name":"MB Race","description":"La course de VTT","publisher":{"@id":"https:\/\/mb-race.com\/#organization"},"potentialAction":[{"@type":"SearchAction","target":{"@type":"EntryPoint","urlTemplate":"https:\/\/mb-race.com\/?s={search_term_string}"},"query-input":{"@type":"PropertyValueSpecification","valueRequired":true,"valueName":"search_term_string"}}],"inLanguage":"en-US"},{"@type":"Organization","@id":"https:\/\/mb-race.com\/#organization","name":"MB Race","alternateName":"La course VTT la plus difficile au monde","url":"https:\/\/mb-race.com\/","logo":{"@type":"ImageObject","inLanguage":"en-US","@id":"https:\/\/mb-race.com\/#\/schema\/logo\/image\/","url":"https:\/\/mb-race.com\/wp-content\/uploads\/2023\/10\/logo.png.webp","contentUrl":"https:\/\/mb-race.com\/wp-content\/uploads\/2023\/10\/logo.png.webp","width":1079,"height":611,"caption":"MB Race"},"image":{"@id":"https:\/\/mb-race.com\/#\/schema\/logo\/image\/"}}]}},"_links":{"self":[{"href":"https:\/\/mb-race.com\/en\/wp-json\/wp\/v2\/pages\/3434","targetHints":{"allow":["GET"]}}],"collection":[{"href":"https:\/\/mb-race.com\/en\/wp-json\/wp\/v2\/pages"}],"about":[{"href":"https:\/\/mb-race.com\/en\/wp-json\/wp\/v2\/types\/page"}],"author":[{"embeddable":true,"href":"https:\/\/mb-race.com\/en\/wp-json\/wp\/v2\/users\/1"}],"replies":[{"embeddable":true,"href":"https:\/\/mb-race.com\/en\/wp-json\/wp\/v2\/comments?post=3434"}],"version-history":[{"count":0,"href":"https:\/\/mb-race.com\/en\/wp-json\/wp\/v2\/pages\/3434\/revisions"}],"wp:attachment":[{"href":"https:\/\/mb-race.com\/en\/wp-json\/wp\/v2\/media?parent=3434"}],"curies":[{"name":"wp","href":"https:\/\/api.w.org\/{rel}","templated":true}]}}