{"id":16117,"date":"2023-11-29T09:30:43","date_gmt":"2023-11-29T08:30:43","guid":{"rendered":"https:\/\/mb-race.com\/legal-notice\/"},"modified":"2024-03-07T12:41:07","modified_gmt":"2024-03-07T11:41:07","slug":"legal-notice","status":"publish","type":"page","link":"https:\/\/mb-race.com\/en\/legal-notice\/","title":{"rendered":"Legal notice"},"content":{"rendered":"\n<h2 class=\"wp-block-heading\">Website owner<\/h2>\n\n<p><strong>Association MB Race<br\/><\/strong>Association d\u00e9clar\u00e9e<br\/>Address: 1051 Avenue de Gen\u00e8ve &#8211; 74700 Sallanches<br\/>Siret (si\u00e8ge) : 51952209800010<br\/>Mail: contact@mb-race.com<br\/>TVA Intracommunautaire: FR85519522098<br\/>Publishing Director: MANON KUSTER<\/p>\n\n<h2 class=\"wp-block-heading\">Website host<\/h2>\n\n<p><strong>OVH<\/strong><br\/>SAS with capital of \u20ac10,174,560<br\/>RCS Lille M\u00e9tropole 424 761 419 00045<br\/>Code APE 2620Z<br\/>N\u00b0 TVA: FR 22 424 761 419<br\/>Address: 2 rue Kellermann \u2013 59100 Roubaix \u2013 France<\/p>\n\n<h2 class=\"wp-block-heading\">Website creator<\/h2>\n\n<p><strong>Agence AVICOM\u2019<\/strong><br\/>contact(@)avicom.fr<br\/>https:\/\/avicom.fr<br\/>headquarter : 183 rue Cuvier 69006 Lyon<br\/>RCS LYON 537 731 812<br\/>TVA Intracommunautaire: FR88537731812<\/p>\n\n<h2 class=\"wp-block-heading\">Terms of use<\/h2>\n\n<p>Use of the mb-race.com site implies full acceptance of the general conditions of use described below. These conditions of use may be amended or supplemented at any time, so site users are advised to consult them regularly.<\/p>\n\n<p>This site is normally accessible to users at all times. MB Race may, however, decide to interrupt the operation for technical maintenance purposes, and will endeavour to inform users of the dates and times of such interventions in advance.<\/p>\n\n<p>The site is updated regularly by MB Race. The legal notice and conditions of use may be modified at any time: they are nevertheless binding on the user, who is invited to refer to them as often as possible in order to take cognizance of them.<\/p>\n\n<p>Interactive areas (possibility to ask questions in the contact area) are available to users. MB Race reserves the right to delete, without prior notice, any content posted in this space that contravenes the legislation applicable in France, in particular provisions relating to data protection. Where applicable, MB Race also reserves the right to hold the user civilly and\/or criminally liable, particularly in the event of messages of a racist, insulting, defamatory or pornographic nature, whatever the medium used (text, photographs, etc.).<\/p>\n\n<h3 class=\"wp-block-heading\">Description of services provided<\/h3>\n\n<p>The purpose of the mb-race.com website is to provide information about all of MB Race&#8217;s activities.<\/p>\n\n<p>MB Race endeavours to provide information on the site that is as accurate as possible. However, MB Race cannot be held responsible for any omissions, inaccuracies or failure to update information, whether caused by MB Race or by third-party partners who provide such information.<\/p>\n\n<p>All information on the mb-race.com website is provided for information purposes only and is subject to change. Furthermore, the information on the site is not exhaustive. They are subject to any changes that may have been made since they were put online.<\/p>\n\n<h3 class=\"wp-block-heading\">Limitations contractuelles des donn\u00e9es techniques<\/h3>\n\n<p>The website cannot be held responsible for any material damage resulting from use of the site. In addition, the user of the site undertakes to access the site using recent, virus-free equipment and with a last-generation, up-to-date browser.<\/p>\n\n<h3 class=\"wp-block-heading\">Intellectual property and counterfeiting<\/h3>\n\n<p>MB Race, publisher of the &#8220;mb-race.com&#8221; site, holds or has the necessary authorizations for all intellectual property rights protecting the Site, its content and\/or the elements that make it up. Use of the Site confers only a free, non-exclusive right of access limited to simple consultation, to the exclusion of any property right (including intellectual property rights) to the Site, its content and\/or the elements of which it is composed. Consequently, the user undertakes not to reproduce, summarize, modify, alter or redistribute any text, title, application, logo, trademark, information or illustration for any purpose other than strictly private, which excludes any representation for professional purposes or mass redistribution. De m\u00eame, l\u2019utilisateur s\u2019engage \u00e0 ne pas recopier tout ou partie du Site ou un r\u00e9seau interne d\u2019entreprise. Reproduction of the Site or its individual components is prohibited without express prior authorization. Any authorized reproduction or quotation must be accompanied by the name of the author and the source.<\/p>\n\n<h3 class=\"wp-block-heading\">Hyperlinks<\/h3>\n\n<p>The Site may contain hypertext links to third-party websites, for which you are invited to consult their legal notices, privacy policy and terms of use where applicable. MB Race accepts no responsibility for any third-party sites that may be accessible via the hypertext links referred to, particularly with regard to their access, content and use.<\/p>\n\n<h3 class=\"wp-block-heading\">Personal data<\/h3>\n\n<p>MB Race is committed to respecting the privacy of Site users and the confidentiality of their personal data while browsing the Site. For information on our policy regarding your personal data, please read our <strong><a href=\"https:\/\/mb-race.com\/en\/privacy-policy\/\">Privacy Policy<\/a><\/strong>.<\/p>\n\n<h3 class=\"wp-block-heading\">Limitation of liability<\/h3>\n\n<p>MB Race cannot be held responsible for direct or indirect damage caused to the user&#8217;s equipment when accessing the site, and resulting either from the use of equipment that does not meet the specifications indicated in the contractual limitations section on technical data, or from the appearance of a bug or incompatibility.<\/p>\n\n<p>MB Race cannot be held responsible for indirect damage (such as loss of business or loss of opportunity) resulting from the use of the mb-race.com website.<\/p>\n\n<h3 class=\"wp-block-heading\">Applicable law and jurisdiction<\/h3>\n\n<p>Any dispute relating to the use of the mb-race.com website is subject to French law. Exclusive jurisdiction is granted to the competent courts.<\/p>\n","protected":false},"excerpt":{"rendered":"<p>Website owner Association MB RaceAssociation d\u00e9clar\u00e9eAddress: 1051 Avenue de Gen\u00e8ve &#8211; 74700 SallanchesSiret (si\u00e8ge) : 51952209800010Mail: contact@mb-race.comTVA Intracommunautaire: FR85519522098Publishing Director: MANON KUSTER Website host OVHSAS with capital of \u20ac10,174,560RCS Lille M\u00e9tropole 424 761 419 00045Code APE 2620ZN\u00b0 TVA: FR 22 424 761 419Address: 2 rue Kellermann \u2013 59100 Roubaix \u2013 France Website creator Agence AVICOM\u2019contact(@)avicom.frhttps:\/\/avicom.frheadquarter [&hellip;]<\/p>\n","protected":false},"author":1,"featured_media":0,"parent":0,"menu_order":0,"comment_status":"closed","ping_status":"closed","template":"","meta":{"footnotes":""},"class_list":["post-16117","page","type-page","status-publish","hentry"],"yoast_head":"<!-- This site is optimized with the Yoast SEO plugin v27.4 - https:\/\/yoast.com\/product\/yoast-seo-wordpress\/ -->\n<title>Legal notice - MB Race<\/title>\n<meta name=\"robots\" content=\"noindex, nofollow\" \/>\n<meta property=\"og:locale\" content=\"en_US\" \/>\n<meta property=\"og:type\" content=\"article\" \/>\n<meta property=\"og:title\" content=\"Legal notice - MB Race\" \/>\n<meta property=\"og:description\" content=\"Website owner Association MB RaceAssociation d\u00e9clar\u00e9eAddress: 1051 Avenue de Gen\u00e8ve &#8211; 74700 SallanchesSiret (si\u00e8ge) : 51952209800010Mail: contact@mb-race.comTVA Intracommunautaire: FR85519522098Publishing Director: MANON KUSTER Website host OVHSAS with capital of \u20ac10,174,560RCS Lille M\u00e9tropole 424 761 419 00045Code APE 2620ZN\u00b0 TVA: FR 22 424 761 419Address: 2 rue Kellermann \u2013 59100 Roubaix \u2013 France Website creator Agence AVICOM\u2019contact(@)avicom.frhttps:\/\/avicom.frheadquarter [&hellip;]\" \/>\n<meta property=\"og:url\" content=\"https:\/\/mb-race.com\/en\/legal-notice\/\" \/>\n<meta property=\"og:site_name\" content=\"MB Race\" \/>\n<meta property=\"article:modified_time\" content=\"2024-03-07T11:41:07+00:00\" \/>\n<meta name=\"twitter:card\" content=\"summary_large_image\" \/>\n<meta name=\"twitter:label1\" content=\"Est. reading time\" \/>\n\t<meta name=\"twitter:data1\" content=\"5 minutes\" \/>\n<script type=\"application\/ld+json\" class=\"yoast-schema-graph\">{\"@context\":\"https:\\\/\\\/schema.org\",\"@graph\":[{\"@type\":\"WebPage\",\"@id\":\"https:\\\/\\\/mb-race.com\\\/en\\\/legal-notice\\\/\",\"url\":\"https:\\\/\\\/mb-race.com\\\/en\\\/legal-notice\\\/\",\"name\":\"Legal notice - MB Race\",\"isPartOf\":{\"@id\":\"https:\\\/\\\/mb-race.com\\\/#website\"},\"datePublished\":\"2023-11-29T08:30:43+00:00\",\"dateModified\":\"2024-03-07T11:41:07+00:00\",\"breadcrumb\":{\"@id\":\"https:\\\/\\\/mb-race.com\\\/en\\\/legal-notice\\\/#breadcrumb\"},\"inLanguage\":\"en-US\",\"potentialAction\":[{\"@type\":\"ReadAction\",\"target\":[\"https:\\\/\\\/mb-race.com\\\/en\\\/legal-notice\\\/\"]}]},{\"@type\":\"BreadcrumbList\",\"@id\":\"https:\\\/\\\/mb-race.com\\\/en\\\/legal-notice\\\/#breadcrumb\",\"itemListElement\":[{\"@type\":\"ListItem\",\"position\":1,\"name\":\"Accueil\",\"item\":\"https:\\\/\\\/mb-race.com\\\/en\\\/home\\\/\"},{\"@type\":\"ListItem\",\"position\":2,\"name\":\"Legal notice\"}]},{\"@type\":\"WebSite\",\"@id\":\"https:\\\/\\\/mb-race.com\\\/#website\",\"url\":\"https:\\\/\\\/mb-race.com\\\/\",\"name\":\"MB Race\",\"description\":\"La course de VTT\",\"publisher\":{\"@id\":\"https:\\\/\\\/mb-race.com\\\/#organization\"},\"potentialAction\":[{\"@type\":\"SearchAction\",\"target\":{\"@type\":\"EntryPoint\",\"urlTemplate\":\"https:\\\/\\\/mb-race.com\\\/?s={search_term_string}\"},\"query-input\":{\"@type\":\"PropertyValueSpecification\",\"valueRequired\":true,\"valueName\":\"search_term_string\"}}],\"inLanguage\":\"en-US\"},{\"@type\":\"Organization\",\"@id\":\"https:\\\/\\\/mb-race.com\\\/#organization\",\"name\":\"MB Race\",\"alternateName\":\"La course VTT la plus difficile au monde\",\"url\":\"https:\\\/\\\/mb-race.com\\\/\",\"logo\":{\"@type\":\"ImageObject\",\"inLanguage\":\"en-US\",\"@id\":\"https:\\\/\\\/mb-race.com\\\/#\\\/schema\\\/logo\\\/image\\\/\",\"url\":\"https:\\\/\\\/mb-race.com\\\/wp-content\\\/uploads\\\/2023\\\/10\\\/logo.png.webp\",\"contentUrl\":\"https:\\\/\\\/mb-race.com\\\/wp-content\\\/uploads\\\/2023\\\/10\\\/logo.png.webp\",\"width\":1079,\"height\":611,\"caption\":\"MB Race\"},\"image\":{\"@id\":\"https:\\\/\\\/mb-race.com\\\/#\\\/schema\\\/logo\\\/image\\\/\"}}]}<\/script>\n<!-- \/ Yoast SEO plugin. -->","yoast_head_json":{"title":"Legal notice - MB Race","robots":{"index":"noindex","follow":"nofollow"},"og_locale":"en_US","og_type":"article","og_title":"Legal notice - MB Race","og_description":"Website owner Association MB RaceAssociation d\u00e9clar\u00e9eAddress: 1051 Avenue de Gen\u00e8ve &#8211; 74700 SallanchesSiret (si\u00e8ge) : 51952209800010Mail: contact@mb-race.comTVA Intracommunautaire: FR85519522098Publishing Director: MANON KUSTER Website host OVHSAS with capital of \u20ac10,174,560RCS Lille M\u00e9tropole 424 761 419 00045Code APE 2620ZN\u00b0 TVA: FR 22 424 761 419Address: 2 rue Kellermann \u2013 59100 Roubaix \u2013 France Website creator Agence AVICOM\u2019contact(@)avicom.frhttps:\/\/avicom.frheadquarter [&hellip;]","og_url":"https:\/\/mb-race.com\/en\/legal-notice\/","og_site_name":"MB Race","article_modified_time":"2024-03-07T11:41:07+00:00","twitter_card":"summary_large_image","twitter_misc":{"Est. reading time":"5 minutes"},"schema":{"@context":"https:\/\/schema.org","@graph":[{"@type":"WebPage","@id":"https:\/\/mb-race.com\/en\/legal-notice\/","url":"https:\/\/mb-race.com\/en\/legal-notice\/","name":"Legal notice - MB Race","isPartOf":{"@id":"https:\/\/mb-race.com\/#website"},"datePublished":"2023-11-29T08:30:43+00:00","dateModified":"2024-03-07T11:41:07+00:00","breadcrumb":{"@id":"https:\/\/mb-race.com\/en\/legal-notice\/#breadcrumb"},"inLanguage":"en-US","potentialAction":[{"@type":"ReadAction","target":["https:\/\/mb-race.com\/en\/legal-notice\/"]}]},{"@type":"BreadcrumbList","@id":"https:\/\/mb-race.com\/en\/legal-notice\/#breadcrumb","itemListElement":[{"@type":"ListItem","position":1,"name":"Accueil","item":"https:\/\/mb-race.com\/en\/home\/"},{"@type":"ListItem","position":2,"name":"Legal notice"}]},{"@type":"WebSite","@id":"https:\/\/mb-race.com\/#website","url":"https:\/\/mb-race.com\/","name":"MB Race","description":"La course de VTT","publisher":{"@id":"https:\/\/mb-race.com\/#organization"},"potentialAction":[{"@type":"SearchAction","target":{"@type":"EntryPoint","urlTemplate":"https:\/\/mb-race.com\/?s={search_term_string}"},"query-input":{"@type":"PropertyValueSpecification","valueRequired":true,"valueName":"search_term_string"}}],"inLanguage":"en-US"},{"@type":"Organization","@id":"https:\/\/mb-race.com\/#organization","name":"MB Race","alternateName":"La course VTT la plus difficile au monde","url":"https:\/\/mb-race.com\/","logo":{"@type":"ImageObject","inLanguage":"en-US","@id":"https:\/\/mb-race.com\/#\/schema\/logo\/image\/","url":"https:\/\/mb-race.com\/wp-content\/uploads\/2023\/10\/logo.png.webp","contentUrl":"https:\/\/mb-race.com\/wp-content\/uploads\/2023\/10\/logo.png.webp","width":1079,"height":611,"caption":"MB Race"},"image":{"@id":"https:\/\/mb-race.com\/#\/schema\/logo\/image\/"}}]}},"_links":{"self":[{"href":"https:\/\/mb-race.com\/en\/wp-json\/wp\/v2\/pages\/16117","targetHints":{"allow":["GET"]}}],"collection":[{"href":"https:\/\/mb-race.com\/en\/wp-json\/wp\/v2\/pages"}],"about":[{"href":"https:\/\/mb-race.com\/en\/wp-json\/wp\/v2\/types\/page"}],"author":[{"embeddable":true,"href":"https:\/\/mb-race.com\/en\/wp-json\/wp\/v2\/users\/1"}],"replies":[{"embeddable":true,"href":"https:\/\/mb-race.com\/en\/wp-json\/wp\/v2\/comments?post=16117"}],"version-history":[{"count":0,"href":"https:\/\/mb-race.com\/en\/wp-json\/wp\/v2\/pages\/16117\/revisions"}],"wp:attachment":[{"href":"https:\/\/mb-race.com\/en\/wp-json\/wp\/v2\/media?parent=16117"}],"curies":[{"name":"wp","href":"https:\/\/api.w.org\/{rel}","templated":true}]}}